{"id":4759,"date":"2024-03-01T14:18:52","date_gmt":"2024-03-01T14:18:52","guid":{"rendered":"https:\/\/zinnwaldlithium.com\/?page_id=4759"},"modified":"2024-09-27T10:16:03","modified_gmt":"2024-09-27T10:16:03","slug":"imprint","status":"publish","type":"page","link":"https:\/\/zinnwaldlithium.com\/de\/imprint\/","title":{"rendered":"imprint"},"content":{"rendered":"<div data-elementor-type=\"wp-page\" data-elementor-id=\"4759\" class=\"elementor elementor-4759\" data-elementor-post-type=\"page\">\n\t\t\t\t<div class=\"elementor-element elementor-element-0b172f3 e-flex e-con-boxed e-con e-parent\" data-id=\"0b172f3\" data-element_type=\"container\" data-e-type=\"container\" data-settings=\"{&quot;background_background&quot;:&quot;classic&quot;,&quot;_ob_use_container_extras&quot;:&quot;no&quot;,&quot;_ob_column_hoveranimator&quot;:&quot;no&quot;,&quot;_ob_glider_is_slider&quot;:&quot;no&quot;,&quot;_ob_column_has_pseudo&quot;:&quot;no&quot;}\">\n\t\t\t\t\t<div class=\"e-con-inner\">\n\t\t<div class=\"elementor-element elementor-element-986ccc6 e-con-full elementor-hidden-desktop e-flex ob-is-container-extras e-con e-child\" data-id=\"986ccc6\" data-element_type=\"container\" data-e-type=\"container\" data-settings=\"{&quot;_ob_use_container_extras&quot;:&quot;yes&quot;,&quot;background_background&quot;:&quot;classic&quot;,&quot;_ob_column_hoveranimator&quot;:&quot;no&quot;,&quot;_ob_glider_is_slider&quot;:&quot;no&quot;,&quot;_ob_column_has_pseudo&quot;:&quot;no&quot;}\">\n\t\t\t\t<div class=\"elementor-element elementor-element-9cf8081 ob-has-background-overlay elementor-widget elementor-widget-spacer\" data-id=\"9cf8081\" data-element_type=\"widget\" data-e-type=\"widget\" data-settings=\"{&quot;_ob_spacerat_use&quot;:&quot;no&quot;,&quot;_ob_widget_stalker_use&quot;:&quot;no&quot;,&quot;_ob_poopart_use&quot;:&quot;yes&quot;,&quot;_ob_shadough_use&quot;:&quot;no&quot;,&quot;_ob_allow_hoveranimator&quot;:&quot;no&quot;}\" data-widget_type=\"spacer.default\">\n\t\t\t\t<div class=\"elementor-widget-container\">\n\t\t\t\t\t\t\t<div class=\"elementor-spacer\">\n\t\t\t<div class=\"elementor-spacer-inner\"><\/div>\n\t\t<\/div>\n\t\t\t\t\t\t<\/div>\n\t\t\t\t<\/div>\n\t\t\t\t<\/div>\n\t\t<div class=\"elementor-element elementor-element-74f516e e-con-full herocontent e-flex ob-is-container-extras e-con e-child\" data-id=\"74f516e\" data-element_type=\"container\" data-e-type=\"container\" data-settings=\"{&quot;_ob_use_container_extras&quot;:&quot;yes&quot;,&quot;_ob_column_hoveranimator&quot;:&quot;no&quot;,&quot;_ob_glider_is_slider&quot;:&quot;no&quot;,&quot;_ob_column_has_pseudo&quot;:&quot;no&quot;}\">\n\t\t\t\t<div class=\"elementor-element elementor-element-36d4fcd elementor-widget__width-initial ob-has-background-overlay elementor-widget elementor-widget-heading\" data-id=\"36d4fcd\" data-element_type=\"widget\" data-e-type=\"widget\" data-settings=\"{&quot;_ob_widget_stalker_use&quot;:&quot;no&quot;,&quot;_ob_poopart_use&quot;:&quot;yes&quot;,&quot;_ob_shadough_use&quot;:&quot;no&quot;,&quot;_ob_allow_hoveranimator&quot;:&quot;no&quot;}\" data-widget_type=\"heading.default\">\n\t\t\t\t<div class=\"elementor-widget-container\">\n\t\t\t\t\t<h1 class=\"elementor-heading-title elementor-size-default\"><i>Impressum<\/i><br>Zinnwald Lithium GmbH <\/h1>\t\t\t\t<\/div>\n\t\t\t\t<\/div>\n\t\t\t\t<div class=\"elementor-element elementor-element-83ea2dd ob-harakiri-inherit ob-has-background-overlay elementor-widget elementor-widget-text-editor\" data-id=\"83ea2dd\" data-element_type=\"widget\" data-e-type=\"widget\" data-settings=\"{&quot;_ob_use_harakiri&quot;:&quot;yes&quot;,&quot;_ob_harakiri_writing_mode&quot;:&quot;inherit&quot;,&quot;_ob_postman_use&quot;:&quot;no&quot;,&quot;_ob_widget_stalker_use&quot;:&quot;no&quot;,&quot;_ob_poopart_use&quot;:&quot;yes&quot;,&quot;_ob_shadough_use&quot;:&quot;no&quot;,&quot;_ob_allow_hoveranimator&quot;:&quot;no&quot;}\" data-widget_type=\"text-editor.default\">\n\t\t\t\t<div class=\"elementor-widget-container\">\n\t\t\t\t\t\t\t\t\t<p>Das nachfolgende Impressum gilt f\u00fcr die Unternehmenswebsite der <br \/>Zinnwald Lithium GmbH und ihren Social-Media-Auftritt bei <a href=\"https:\/\/www.linkedin.com\/company\/deutsche-lithium-gmbh?originalSubdomain=de\"><span style=\"text-decoration: underline;\">LinkedIn<\/span><\/a>.<\/p>\t\t\t\t\t\t\t\t<\/div>\n\t\t\t\t<\/div>\n\t\t\t\t<\/div>\n\t\t\t\t\t<\/div>\n\t\t\t\t<\/div>\n\t\t<div class=\"elementor-element elementor-element-fcc1216 e-flex e-con-boxed e-con e-parent\" data-id=\"fcc1216\" data-element_type=\"container\" data-e-type=\"container\" data-settings=\"{&quot;_ob_use_container_extras&quot;:&quot;no&quot;,&quot;_ob_column_hoveranimator&quot;:&quot;no&quot;,&quot;_ob_glider_is_slider&quot;:&quot;no&quot;,&quot;_ob_column_has_pseudo&quot;:&quot;no&quot;}\">\n\t\t\t\t\t<div class=\"e-con-inner\">\n\t\t\t\t<div class=\"elementor-element elementor-element-96edae6 ob-harakiri-inherit ob-has-background-overlay elementor-widget elementor-widget-text-editor\" data-id=\"96edae6\" data-element_type=\"widget\" data-e-type=\"widget\" data-settings=\"{&quot;_ob_use_harakiri&quot;:&quot;yes&quot;,&quot;_ob_harakiri_writing_mode&quot;:&quot;inherit&quot;,&quot;_ob_postman_use&quot;:&quot;no&quot;,&quot;_ob_widget_stalker_use&quot;:&quot;no&quot;,&quot;_ob_poopart_use&quot;:&quot;yes&quot;,&quot;_ob_shadough_use&quot;:&quot;no&quot;,&quot;_ob_allow_hoveranimator&quot;:&quot;no&quot;}\" data-widget_type=\"text-editor.default\">\n\t\t\t\t<div class=\"elementor-widget-container\">\n\t\t\t\t\t\t\t\t\t<h2>Zinnwald Lithium GmbH<\/h2><p>Zinnwalder Stra\u00dfe 15<br \/>01773 Altenberg<\/p><p><span style=\"text-align: var(--text-align);\">Phone: +49 351 20603835<br \/><\/span>E-Mail: info@zinnwaldlithium.de<br \/>Website: www.zinnwaldlithium.com<\/p><p><strong>Gesch\u00e4ftsf\u00fchrung:<br \/><\/strong>Anton Du Plessis, Marko Uhlig<\/p><p><strong>Registereintrag:<br \/><\/strong>Registergericht: Amtsgericht Dresden HRB 45396<\/p><p><strong>Umsatzsteuer-ID:<\/strong><br \/>Umsatzsteuer-Identifikationsnummer gem\u00e4\u00df \u00a7 27a Umsatzsteuergesetz: DE 254 318 418<\/p><p><strong>Markenschutz:<\/strong><br \/>\"Zinnwald Lithium\" ist eine gesch\u00fctzte Marke. Eine Nutzung ist untersagt bzw. bedarf der schriftlichen Zustimmung der Markeninhaberin: Zinnwald Lithium Plc. Unberechtigte Nutzungen werden zivil- und strafrechtlich verfolgt.<\/p><p><strong>Haftungsausschluss:<br \/><\/strong>S\u00e4mtliche Inhalte unserer Seiten wurden mit gr\u00f6\u00dfter Sorgfalt und nach bestem Wissen und Gewissen erstellt. F\u00fcr die Richtigkeit, Vollst\u00e4ndigkeit und Aktualit\u00e4t der Inhalte kann jedoch keine Haftung \u00fcbernommen werden.<\/p><p><strong>Konzept, Design und Realisierung:<\/strong><br \/><a href=\"http:\/\/www.stbridespartners.co.uk\">St Brides Partners Ltd<\/a><\/p><p><strong>Fotos:<br \/><\/strong>Zinnwald Lithium GmbH<\/p>\t\t\t\t\t\t\t\t<\/div>\n\t\t\t\t<\/div>\n\t\t\t\t\t<\/div>\n\t\t\t\t<\/div>\n\t\t\t\t<\/div>","protected":false},"excerpt":{"rendered":"<p>ImprintZinnwald Lithium GmbH The following legal notice applies to the company website of Zinnwald Lithium GmbH and its social media presence on LinkedIn. Zinnwald Lithium GmbH Zinnwalder Stra\u00dfe 1501773 Altenberg Phone: +49 351 20603835E-Mail: info@zinnwaldlithium.deWebsite: www.zinnwaldlithium.com Management Board:Anton Du Plessis, Marko Uhlig Register entry:Register court: Dresden Local Court HRB 45396 Turnover tax ID:Value added tax [&hellip;]<\/p>","protected":false},"author":2,"featured_media":0,"parent":0,"menu_order":0,"comment_status":"closed","ping_status":"closed","template":"","meta":{"footnotes":""},"class_list":["post-4759","page","type-page","status-publish","hentry"],"_links":{"self":[{"href":"https:\/\/zinnwaldlithium.com\/de\/wp-json\/wp\/v2\/pages\/4759","targetHints":{"allow":["GET"]}}],"collection":[{"href":"https:\/\/zinnwaldlithium.com\/de\/wp-json\/wp\/v2\/pages"}],"about":[{"href":"https:\/\/zinnwaldlithium.com\/de\/wp-json\/wp\/v2\/types\/page"}],"author":[{"embeddable":true,"href":"https:\/\/zinnwaldlithium.com\/de\/wp-json\/wp\/v2\/users\/2"}],"replies":[{"embeddable":true,"href":"https:\/\/zinnwaldlithium.com\/de\/wp-json\/wp\/v2\/comments?post=4759"}],"version-history":[{"count":5,"href":"https:\/\/zinnwaldlithium.com\/de\/wp-json\/wp\/v2\/pages\/4759\/revisions"}],"predecessor-version":[{"id":4973,"href":"https:\/\/zinnwaldlithium.com\/de\/wp-json\/wp\/v2\/pages\/4759\/revisions\/4973"}],"wp:attachment":[{"href":"https:\/\/zinnwaldlithium.com\/de\/wp-json\/wp\/v2\/media?parent=4759"}],"curies":[{"name":"wp","href":"https:\/\/api.w.org\/{rel}","templated":true}]}}