{"id":5217,"date":"2025-04-23T10:31:29","date_gmt":"2025-04-23T10:31:29","guid":{"rendered":"https:\/\/zinnwaldlithium.com\/?page_id=5217"},"modified":"2025-04-29T11:46:20","modified_gmt":"2025-04-29T11:46:20","slug":"industrial-chemicals","status":"publish","type":"page","link":"https:\/\/zinnwaldlithium.com\/de\/products\/industrial-chemicals\/","title":{"rendered":"Industrial Chemicals"},"content":{"rendered":"<div data-elementor-type=\"wp-post\" data-elementor-id=\"5217\" class=\"elementor elementor-5217\" data-elementor-post-type=\"page\">\n\t\t\t\t<div class=\"elementor-element elementor-element-0579065 e-flex e-con-boxed e-con e-parent\" data-id=\"0579065\" data-element_type=\"container\" data-e-type=\"container\" id=\"hero\" data-settings=\"{&quot;background_background&quot;:&quot;classic&quot;,&quot;_ob_use_container_extras&quot;:&quot;no&quot;,&quot;_ob_column_hoveranimator&quot;:&quot;no&quot;,&quot;_ob_glider_is_slider&quot;:&quot;no&quot;,&quot;_ob_column_has_pseudo&quot;:&quot;no&quot;}\">\n\t\t\t\t\t<div class=\"e-con-inner\">\n\t\t<div class=\"elementor-element elementor-element-5d2cdba e-con-full elementor-hidden-desktop e-flex ob-is-container-extras e-con e-child\" data-id=\"5d2cdba\" data-element_type=\"container\" data-e-type=\"container\" data-settings=\"{&quot;_ob_use_container_extras&quot;:&quot;yes&quot;,&quot;background_background&quot;:&quot;classic&quot;,&quot;_ob_column_hoveranimator&quot;:&quot;no&quot;,&quot;_ob_glider_is_slider&quot;:&quot;no&quot;,&quot;_ob_column_has_pseudo&quot;:&quot;no&quot;}\">\n\t\t\t\t<div class=\"elementor-element elementor-element-88e353a ob-has-background-overlay elementor-widget elementor-widget-spacer\" data-id=\"88e353a\" data-element_type=\"widget\" data-e-type=\"widget\" data-settings=\"{&quot;_ob_spacerat_use&quot;:&quot;no&quot;,&quot;_ob_widget_stalker_use&quot;:&quot;no&quot;,&quot;_ob_poopart_use&quot;:&quot;yes&quot;,&quot;_ob_shadough_use&quot;:&quot;no&quot;,&quot;_ob_allow_hoveranimator&quot;:&quot;no&quot;}\" data-widget_type=\"spacer.default\">\n\t\t\t\t<div class=\"elementor-widget-container\">\n\t\t\t\t\t\t\t<div class=\"elementor-spacer\">\n\t\t\t<div class=\"elementor-spacer-inner\"><\/div>\n\t\t<\/div>\n\t\t\t\t\t\t<\/div>\n\t\t\t\t<\/div>\n\t\t\t\t<\/div>\n\t\t<div class=\"elementor-element elementor-element-6e6aaf7 e-con-full herocontent e-flex ob-is-container-extras e-con e-child\" data-id=\"6e6aaf7\" data-element_type=\"container\" data-e-type=\"container\" data-settings=\"{&quot;_ob_use_container_extras&quot;:&quot;yes&quot;,&quot;_ob_column_hoveranimator&quot;:&quot;no&quot;,&quot;_ob_glider_is_slider&quot;:&quot;no&quot;,&quot;_ob_column_has_pseudo&quot;:&quot;no&quot;}\">\n\t\t\t\t<div class=\"elementor-element elementor-element-151117e elementor-widget__width-initial herotitle ob-has-background-overlay elementor-widget elementor-widget-heading\" data-id=\"151117e\" data-element_type=\"widget\" data-e-type=\"widget\" data-settings=\"{&quot;_ob_widget_stalker_use&quot;:&quot;no&quot;,&quot;_ob_poopart_use&quot;:&quot;yes&quot;,&quot;_ob_shadough_use&quot;:&quot;no&quot;,&quot;_ob_allow_hoveranimator&quot;:&quot;no&quot;}\" data-no-translation=\"\" data-widget_type=\"heading.default\">\n\t\t\t\t<div class=\"elementor-widget-container\">\n\t\t\t\t\t<style>.elementor-element-151117e{display:none !important}<\/style>\t\t\t\t<\/div>\n\t\t\t\t<\/div>\n\t\t\t\t<div class=\"elementor-element elementor-element-a60b649 elementor-widget__width-initial herotitle ob-has-background-overlay elementor-widget elementor-widget-heading\" data-id=\"a60b649\" data-element_type=\"widget\" data-e-type=\"widget\" data-settings=\"{&quot;_ob_widget_stalker_use&quot;:&quot;no&quot;,&quot;_ob_poopart_use&quot;:&quot;yes&quot;,&quot;_ob_shadough_use&quot;:&quot;no&quot;,&quot;_ob_allow_hoveranimator&quot;:&quot;no&quot;}\" data-no-translation=\"\" data-widget_type=\"heading.default\">\n\t\t\t\t<div class=\"elementor-widget-container\">\n\t\t\t\t\t<h1 class=\"elementor-heading-title elementor-size-default\">\nIndustriechemikalien<\/h1>\t\t\t\t<\/div>\n\t\t\t\t<\/div>\n\t\t\t\t<div class=\"elementor-element elementor-element-636b783 herotext ob-harakiri-inherit ob-has-background-overlay elementor-widget elementor-widget-text-editor\" data-id=\"636b783\" data-element_type=\"widget\" data-e-type=\"widget\" data-settings=\"{&quot;_ob_use_harakiri&quot;:&quot;yes&quot;,&quot;_ob_harakiri_writing_mode&quot;:&quot;inherit&quot;,&quot;_ob_postman_use&quot;:&quot;no&quot;,&quot;_ob_widget_stalker_use&quot;:&quot;no&quot;,&quot;_ob_poopart_use&quot;:&quot;yes&quot;,&quot;_ob_shadough_use&quot;:&quot;no&quot;,&quot;_ob_allow_hoveranimator&quot;:&quot;no&quot;}\" data-widget_type=\"text-editor.default\">\n\t\t\t\t<div class=\"elementor-widget-container\">\n\t\t\t\t\t\t\t\t\t<p>Die Aufbereitungsprozesse von Zinnwald Lithium werden voraussichtlich neben Lithium auch eine Reihe wertvoller chemischer Nebenprodukte f\u00fcr industrielle Anwendungen liefern \u2013 und so sowohl die Nachhaltigkeit als auch die wirtschaftliche Effizienz des Projekts st\u00e4rken.<\/p>\t\t\t\t\t\t\t\t<\/div>\n\t\t\t\t<\/div>\n\t\t\t\t<\/div>\n\t\t\t\t\t<\/div>\n\t\t\t\t<\/div>\n\t\t<div class=\"elementor-element elementor-element-0ad77c9 e-flex e-con-boxed e-con e-parent\" data-id=\"0ad77c9\" data-element_type=\"container\" data-e-type=\"container\" data-settings=\"{&quot;_ob_use_container_extras&quot;:&quot;no&quot;,&quot;_ob_column_hoveranimator&quot;:&quot;no&quot;,&quot;_ob_glider_is_slider&quot;:&quot;no&quot;,&quot;_ob_column_has_pseudo&quot;:&quot;no&quot;}\">\n\t\t\t\t\t<div class=\"e-con-inner\">\n\t\t<div class=\"elementor-element elementor-element-d1be784 e-con-full e-flex ob-is-container-extras e-con e-child\" data-id=\"d1be784\" data-element_type=\"container\" data-e-type=\"container\" data-settings=\"{&quot;_ob_use_container_extras&quot;:&quot;yes&quot;,&quot;background_background&quot;:&quot;classic&quot;,&quot;_ob_column_hoveranimator&quot;:&quot;no&quot;,&quot;_ob_glider_is_slider&quot;:&quot;no&quot;,&quot;_ob_column_has_pseudo&quot;:&quot;no&quot;}\">\n\t\t\t\t<div class=\"elementor-element elementor-element-8c5bb4c ob-has-background-overlay elementor-widget elementor-widget-image-box\" data-id=\"8c5bb4c\" data-element_type=\"widget\" data-e-type=\"widget\" data-settings=\"{&quot;_ob_widget_stalker_use&quot;:&quot;no&quot;,&quot;_ob_poopart_use&quot;:&quot;yes&quot;,&quot;_ob_shadough_use&quot;:&quot;no&quot;,&quot;_ob_allow_hoveranimator&quot;:&quot;no&quot;}\" data-widget_type=\"image-box.default\">\n\t\t\t\t<div class=\"elementor-widget-container\">\n\t\t\t\t\t<div class=\"elementor-image-box-wrapper\"><div class=\"elementor-image-box-content\"><h3 class=\"elementor-image-box-title\">Calciumsilikat<\/h3><p class=\"elementor-image-box-description\">Calciumsilikat wird vielf\u00e4ltig eingesetzt \u2013 insbesondere als W\u00e4rme- und Brandschutzmaterial im Bauwesen und in industriellen Anwendungen. Zudem dient es in der Lebensmittel- und Pharmaindustrie als Trennmittel, was das Verklumpen pulverf\u00f6rmiger Produkte verhindert.<\/p><\/div><\/div>\t\t\t\t<\/div>\n\t\t\t\t<\/div>\n\t\t\t\t<\/div>\n\t\t<div class=\"elementor-element elementor-element-78ea91b e-con-full e-flex ob-is-container-extras e-con e-child\" data-id=\"78ea91b\" data-element_type=\"container\" data-e-type=\"container\" data-settings=\"{&quot;_ob_use_container_extras&quot;:&quot;yes&quot;,&quot;background_background&quot;:&quot;classic&quot;,&quot;_ob_column_hoveranimator&quot;:&quot;no&quot;,&quot;_ob_glider_is_slider&quot;:&quot;no&quot;,&quot;_ob_column_has_pseudo&quot;:&quot;no&quot;}\">\n\t\t\t\t<div class=\"elementor-element elementor-element-bf2331d ob-has-background-overlay elementor-widget elementor-widget-image-box\" data-id=\"bf2331d\" data-element_type=\"widget\" data-e-type=\"widget\" data-settings=\"{&quot;_ob_widget_stalker_use&quot;:&quot;no&quot;,&quot;_ob_poopart_use&quot;:&quot;yes&quot;,&quot;_ob_shadough_use&quot;:&quot;no&quot;,&quot;_ob_allow_hoveranimator&quot;:&quot;no&quot;}\" data-widget_type=\"image-box.default\">\n\t\t\t\t<div class=\"elementor-widget-container\">\n\t\t\t\t\t<div class=\"elementor-image-box-wrapper\"><div class=\"elementor-image-box-content\"><h3 class=\"elementor-image-box-title\">Gef\u00e4lltes Calciumcarbonat (GCC)<\/h3><p class=\"elementor-image-box-description\">Gef\u00e4lltes Calciumcarbonat (PCC) wird als F\u00fcllstoff in der Herstellung hochwertiger Papiere eingesetzt. Es verbessert die Opazit\u00e4t, Helligkeit, Festigkeit und Bedruckbarkeit des Endprodukts.<\/p><\/div><\/div>\t\t\t\t<\/div>\n\t\t\t\t<\/div>\n\t\t\t\t<\/div>\n\t\t<div class=\"elementor-element elementor-element-25c1930 e-con-full e-flex ob-is-container-extras e-con e-child\" data-id=\"25c1930\" data-element_type=\"container\" data-e-type=\"container\" data-settings=\"{&quot;_ob_use_container_extras&quot;:&quot;yes&quot;,&quot;background_background&quot;:&quot;classic&quot;,&quot;_ob_column_hoveranimator&quot;:&quot;no&quot;,&quot;_ob_glider_is_slider&quot;:&quot;no&quot;,&quot;_ob_column_has_pseudo&quot;:&quot;no&quot;}\">\n\t\t\t\t<div class=\"elementor-element elementor-element-ce22cbe ob-has-background-overlay elementor-widget elementor-widget-image-box\" data-id=\"ce22cbe\" data-element_type=\"widget\" data-e-type=\"widget\" data-settings=\"{&quot;_ob_widget_stalker_use&quot;:&quot;no&quot;,&quot;_ob_poopart_use&quot;:&quot;yes&quot;,&quot;_ob_shadough_use&quot;:&quot;no&quot;,&quot;_ob_allow_hoveranimator&quot;:&quot;no&quot;}\" data-widget_type=\"image-box.default\">\n\t\t\t\t<div class=\"elementor-widget-container\">\n\t\t\t\t\t<div class=\"elementor-image-box-wrapper\"><div class=\"elementor-image-box-content\"><h3 class=\"elementor-image-box-title\">Calciumflorid<\/h3><p class=\"elementor-image-box-description\">Calciumfluorid \u2013 auch bekannt als Fluorit oder Flussspat \u2013 wird vor allem als Fluorquelle f\u00fcr die Herstellung von Fluorwasserstoffs\u00e4ure verwendet. Weitere Hauptanwendungen sind der Einsatz als Flussmittel in der Metallurgie sowie als Fenstermaterial f\u00fcr Ger\u00e4te im Infrarot- und Ultraviolettbereich.<\/p><\/div><\/div>\t\t\t\t<\/div>\n\t\t\t\t<\/div>\n\t\t\t\t<\/div>\n\t\t<div class=\"elementor-element elementor-element-048a935 e-con-full e-flex ob-is-container-extras e-con e-child\" data-id=\"048a935\" data-element_type=\"container\" data-e-type=\"container\" data-settings=\"{&quot;_ob_use_container_extras&quot;:&quot;yes&quot;,&quot;background_background&quot;:&quot;classic&quot;,&quot;_ob_column_hoveranimator&quot;:&quot;no&quot;,&quot;_ob_glider_is_slider&quot;:&quot;no&quot;,&quot;_ob_column_has_pseudo&quot;:&quot;no&quot;}\">\n\t\t\t\t<div class=\"elementor-element elementor-element-e247710 ob-has-background-overlay elementor-widget elementor-widget-image-box\" data-id=\"e247710\" data-element_type=\"widget\" data-e-type=\"widget\" data-settings=\"{&quot;_ob_widget_stalker_use&quot;:&quot;no&quot;,&quot;_ob_poopart_use&quot;:&quot;yes&quot;,&quot;_ob_shadough_use&quot;:&quot;no&quot;,&quot;_ob_allow_hoveranimator&quot;:&quot;no&quot;}\" data-widget_type=\"image-box.default\">\n\t\t\t\t<div class=\"elementor-widget-container\">\n\t\t\t\t\t<div class=\"elementor-image-box-wrapper\"><div class=\"elementor-image-box-content\"><h3 class=\"elementor-image-box-title\">Kaliumchlorid<\/h3><p class=\"elementor-image-box-description\">Kaliumchlorid wird haupts\u00e4chlich als D\u00fcnger eingesetzt, um das Pflanzenwachstum zu f\u00f6rdern. Dar\u00fcber hinaus findet es Anwendung in der Medizin zur Behandlung von Kaliummangel sowie in der chemischen Industrie und Metallverarbeitung.<\/p><\/div><\/div>\t\t\t\t<\/div>\n\t\t\t\t<\/div>\n\t\t\t\t<\/div>\n\t\t\t\t\t<\/div>\n\t\t\t\t<\/div>\n\t\t<div class=\"elementor-element elementor-element-f14df98 e-flex e-con-boxed e-con e-parent\" data-id=\"f14df98\" data-element_type=\"container\" data-e-type=\"container\" data-settings=\"{&quot;_ob_use_container_extras&quot;:&quot;no&quot;,&quot;_ob_column_hoveranimator&quot;:&quot;no&quot;,&quot;_ob_glider_is_slider&quot;:&quot;no&quot;,&quot;_ob_column_has_pseudo&quot;:&quot;no&quot;}\">\n\t\t\t\t\t<div class=\"e-con-inner\">\n\t\t\t\t<div class=\"elementor-element elementor-element-948942f elementor-absolute premium-lottie-svg ob-has-background-overlay elementor-widget elementor-widget-premium-lottie\" data-id=\"948942f\" data-element_type=\"widget\" data-e-type=\"widget\" data-settings=\"{&quot;lottie_file&quot;:{&quot;url&quot;:&quot;https:\\\/\\\/zinnwaldlithium.com\\\/wp-content\\\/uploads\\\/2023\\\/10\\\/Ripple-effect-Op4.json&quot;,&quot;id&quot;:3072,&quot;size&quot;:&quot;&quot;,&quot;alt&quot;:&quot;&quot;,&quot;source&quot;:&quot;library&quot;},&quot;_position&quot;:&quot;absolute&quot;,&quot;_ob_widget_stalker_use&quot;:&quot;no&quot;,&quot;_ob_poopart_use&quot;:&quot;yes&quot;,&quot;_ob_shadough_use&quot;:&quot;no&quot;,&quot;_ob_allow_hoveranimator&quot;:&quot;no&quot;}\" data-widget_type=\"premium-lottie.default\">\n\t\t\t\t<div class=\"elementor-widget-container\">\n\t\t\t\t\t\n\t\t<div class=\"premium-lottie-animation\" data-lottie-url=\"https:\/\/zinnwaldlithium.com\/wp-content\/uploads\/2023\/10\/Ripple-effect-Op4.json\" data-lottie-loop=\"true\" data-lottie-reverse=\"\" data-lottie-hover=\"\" data-lottie-speed=\"1\" data-lottie-render=\"svg\" data-lottie-delay=\"\">\n\t\t\t\t\t<\/div>\n\n\t\t\t\t\t\t<\/div>\n\t\t\t\t<\/div>\n\t\t<div class=\"elementor-element elementor-element-2d492b2 e-con-full e-flex ob-is-container-extras e-con e-child\" data-id=\"2d492b2\" data-element_type=\"container\" data-e-type=\"container\" data-settings=\"{&quot;_ob_use_container_extras&quot;:&quot;yes&quot;,&quot;_ob_column_hoveranimator&quot;:&quot;no&quot;,&quot;_ob_glider_is_slider&quot;:&quot;no&quot;,&quot;_ob_column_has_pseudo&quot;:&quot;no&quot;}\">\n\t\t\t\t<div class=\"elementor-element elementor-element-1a43a98 elementor-widget__width-initial ob-has-background-overlay elementor-widget elementor-widget-heading\" data-id=\"1a43a98\" data-element_type=\"widget\" data-e-type=\"widget\" data-settings=\"{&quot;_ob_widget_stalker_use&quot;:&quot;no&quot;,&quot;_ob_poopart_use&quot;:&quot;yes&quot;,&quot;_ob_shadough_use&quot;:&quot;no&quot;,&quot;_ob_allow_hoveranimator&quot;:&quot;no&quot;}\" data-widget_type=\"heading.default\">\n\t\t\t\t<div class=\"elementor-widget-container\">\n\t\t\t\t\t<h2 class=\"elementor-heading-title elementor-size-default\"><i>Weitere<\/i><br>Produkte<\/h2>\t\t\t\t<\/div>\n\t\t\t\t<\/div>\n\t\t\t\t<\/div>\n\t\t<div class=\"elementor-element elementor-element-ad0cf13 e-con-full e-flex ob-is-container-extras e-con e-child\" data-id=\"ad0cf13\" data-element_type=\"container\" data-e-type=\"container\" data-settings=\"{&quot;_ob_use_container_extras&quot;:&quot;yes&quot;,&quot;background_background&quot;:&quot;classic&quot;,&quot;_ob_column_hoveranimator&quot;:&quot;no&quot;,&quot;_ob_glider_is_slider&quot;:&quot;no&quot;,&quot;_ob_column_has_pseudo&quot;:&quot;no&quot;}\">\n\t\t\t\t<div class=\"elementor-element elementor-element-28326d3 elementor-view-default elementor-position-block-start elementor-mobile-position-block-start ob-has-background-overlay elementor-widget elementor-widget-icon-box\" data-id=\"28326d3\" data-element_type=\"widget\" data-e-type=\"widget\" data-settings=\"{&quot;_ob_widget_stalker_use&quot;:&quot;no&quot;,&quot;_ob_poopart_use&quot;:&quot;yes&quot;,&quot;_ob_shadough_use&quot;:&quot;no&quot;,&quot;_ob_allow_hoveranimator&quot;:&quot;no&quot;}\" data-widget_type=\"icon-box.default\">\n\t\t\t\t<div class=\"elementor-widget-container\">\n\t\t\t\t\t\t\t<div class=\"elementor-icon-box-wrapper\">\n\n\t\t\t\t\t\t<div class=\"elementor-icon-box-icon\">\n\t\t\t\t<a href=\"https:\/\/zinnwaldlithium.com\/de\/products\/lithium-hydroxide\/\" class=\"elementor-icon\" tabindex=\"-1\" aria-label=\"Lithiumhydroxid\">\n\t\t\t\t<svg xmlns=\"http:\/\/www.w3.org\/2000\/svg\" width=\"71\" height=\"71\" viewbox=\"0 0 71 71\" fill=\"none\"><circle cx=\"35.5\" cy=\"35.5\" r=\"35.5\" fill=\"url(#paint0_linear_799_4)\"><\/circle><path d=\"M41.2675 21.9355H28.7322C27.2939 21.9355 26.1279 23.1093 26.1279 24.5573V51.4288C26.1279 52.8768 27.2939 54.0506 28.7322 54.0506H41.2675C42.7058 54.0506 43.8718 52.8768 43.8718 51.4288V24.5573C43.8718 23.1093 42.7058 21.9355 41.2675 21.9355Z\" stroke=\"white\" stroke-width=\"2\" stroke-linejoin=\"round\"><\/path><path d=\"M40.3302 21.5673V19.3664C40.3302 18.0356 39.2569 16.9551 37.935 16.9551H32.0769C30.755 16.9551 29.6816 18.0356 29.6816 19.3664V21.4649\" stroke=\"white\" stroke-width=\"2\" stroke-linejoin=\"round\"><\/path><path d=\"M40.1883 25.8594H29.7939V31.2451H40.1883V25.8594Z\" stroke=\"white\" stroke-width=\"2\" stroke-linejoin=\"round\"><\/path><path d=\"M40.1883 35.2773H29.7939V40.663H40.1883V35.2773Z\" stroke=\"white\" stroke-width=\"2\" stroke-linejoin=\"round\"><\/path><path d=\"M40.1883 44.6895H29.7939V50.0751H40.1883V44.6895Z\" stroke=\"white\" stroke-width=\"2\" stroke-linejoin=\"round\"><\/path><defs><lineargradient id=\"paint0_linear_799_4\" x1=\"35.5\" y1=\"0\" x2=\"35.5\" y2=\"71\" gradientunits=\"userSpaceOnUse\"><stop stop-color=\"#0197DC\"><\/stop><stop offset=\"1\" stop-color=\"#0061BF\"><\/stop><\/lineargradient><\/defs><\/svg>\t\t\t\t<\/a>\n\t\t\t<\/div>\n\t\t\t\n\t\t\t\t\t\t<div class=\"elementor-icon-box-content\">\n\n\t\t\t\t\t\t\t\t\t<h3 class=\"elementor-icon-box-title\">\n\t\t\t\t\t\t<a href=\"https:\/\/zinnwaldlithium.com\/de\/products\/lithium-hydroxide\/\" >\n\t\t\t\t\t\t\tLithiumhydroxid\t\t\t\t\t\t<\/a>\n\t\t\t\t\t<\/h3>\n\t\t\t\t\n\t\t\t\t\t\t\t\t\t<p class=\"elementor-icon-box-description\">\n\t\t\t\t\t\tPrim\u00e4res Produkt.\t\t\t\t\t<\/p>\n\t\t\t\t\n\t\t\t<\/div>\n\t\t\t\n\t\t<\/div>\n\t\t\t\t\t\t<\/div>\n\t\t\t\t<\/div>\n\t\t\t\t<div class=\"elementor-element elementor-element-e18ff2c elementor-view-framed elementor-absolute elementor-shape-circle ob-has-background-overlay elementor-widget elementor-widget-icon\" data-id=\"e18ff2c\" data-element_type=\"widget\" data-e-type=\"widget\" data-settings=\"{&quot;_position&quot;:&quot;absolute&quot;,&quot;_ob_widget_stalker_use&quot;:&quot;no&quot;,&quot;_ob_poopart_use&quot;:&quot;yes&quot;,&quot;_ob_shadough_use&quot;:&quot;no&quot;,&quot;_ob_allow_hoveranimator&quot;:&quot;no&quot;}\" data-widget_type=\"icon.default\">\n\t\t\t\t<div class=\"elementor-widget-container\">\n\t\t\t\t\t\t\t<div class=\"elementor-icon-wrapper\">\n\t\t\t<a class=\"elementor-icon\" href=\"\/de\/products\/lithium-hydroxide\/\">\n\t\t\t<i aria-hidden=\"true\" class=\"fas fa-chevron-right\"><\/i>\t\t\t<\/a>\n\t\t<\/div>\n\t\t\t\t\t\t<\/div>\n\t\t\t\t<\/div>\n\t\t\t\t<\/div>\n\t\t<div class=\"elementor-element elementor-element-2950a5e e-con-full e-flex ob-is-container-extras e-con e-child\" data-id=\"2950a5e\" data-element_type=\"container\" data-e-type=\"container\" data-settings=\"{&quot;_ob_use_container_extras&quot;:&quot;yes&quot;,&quot;background_background&quot;:&quot;classic&quot;,&quot;_ob_column_hoveranimator&quot;:&quot;no&quot;,&quot;_ob_glider_is_slider&quot;:&quot;no&quot;,&quot;_ob_column_has_pseudo&quot;:&quot;no&quot;}\">\n\t\t\t\t<div class=\"elementor-element elementor-element-2aba6a5 elementor-view-default elementor-position-block-start elementor-mobile-position-block-start ob-has-background-overlay elementor-widget elementor-widget-icon-box\" data-id=\"2aba6a5\" data-element_type=\"widget\" data-e-type=\"widget\" data-settings=\"{&quot;_ob_widget_stalker_use&quot;:&quot;no&quot;,&quot;_ob_poopart_use&quot;:&quot;yes&quot;,&quot;_ob_shadough_use&quot;:&quot;no&quot;,&quot;_ob_allow_hoveranimator&quot;:&quot;no&quot;}\" data-widget_type=\"icon-box.default\">\n\t\t\t\t<div class=\"elementor-widget-container\">\n\t\t\t\t\t\t\t<div class=\"elementor-icon-box-wrapper\">\n\n\t\t\t\t\t\t<div class=\"elementor-icon-box-icon\">\n\t\t\t\t<a href=\"https:\/\/zinnwaldlithium.com\/de\/products\/quartz-sand\/\" class=\"elementor-icon\" tabindex=\"-1\" aria-label=\"Quarzsand\">\n\t\t\t\t<svg xmlns=\"http:\/\/www.w3.org\/2000\/svg\" width=\"71\" height=\"71\" viewbox=\"0 0 71 71\" fill=\"none\"><circle cx=\"35.5\" cy=\"35.5\" r=\"35.5\" fill=\"url(#paint0_linear_799_2)\"><\/circle><path d=\"M50.3267 38.8772L49.5391 26.6098L43.0209 23.8688L34.1725 17.334L27.5511 26.2922L24.6831 27.5624L21.6738 38.8772L22.6787 49.2281L25.9704 53.1724L35.3566 50.1139L50.3267 38.8772Z\" stroke=\"white\" stroke-width=\"3\" stroke-linejoin=\"round\"><\/path><path d=\"M34.1715 17.334L32.4876 34.1975L22.6777 49.2281\" stroke=\"white\" stroke-width=\"3\" stroke-linejoin=\"round\"><\/path><path d=\"M35.3555 50.1136L35.6434 35.2556L49.538 26.6094\" stroke=\"white\" stroke-width=\"3\" stroke-linejoin=\"round\"><\/path><path d=\"M32.4883 34.1973L35.6442 35.2558\" stroke=\"white\" stroke-width=\"3\" stroke-linejoin=\"round\"><\/path><defs><lineargradient id=\"paint0_linear_799_2\" x1=\"35.5\" y1=\"0\" x2=\"35.5\" y2=\"71\" gradientunits=\"userSpaceOnUse\"><stop stop-color=\"#0197DC\"><\/stop><stop offset=\"1\" stop-color=\"#0061BF\"><\/stop><\/lineargradient><\/defs><\/svg>\t\t\t\t<\/a>\n\t\t\t<\/div>\n\t\t\t\n\t\t\t\t\t\t<div class=\"elementor-icon-box-content\">\n\n\t\t\t\t\t\t\t\t\t<h3 class=\"elementor-icon-box-title\">\n\t\t\t\t\t\t<a href=\"https:\/\/zinnwaldlithium.com\/de\/products\/quartz-sand\/\" >\n\t\t\t\t\t\t\tQuarzsand\t\t\t\t\t\t<\/a>\n\t\t\t\t\t<\/h3>\n\t\t\t\t\n\t\t\t\t\t\t\t\t\t<p class=\"elementor-icon-box-description\">\n\t\t\t\t\t\tDas beim Vermahlen von Erz anfallende Abfallprodukt.\t\t\t\t\t<\/p>\n\t\t\t\t\n\t\t\t<\/div>\n\t\t\t\n\t\t<\/div>\n\t\t\t\t\t\t<\/div>\n\t\t\t\t<\/div>\n\t\t\t\t<div class=\"elementor-element elementor-element-6b51f0d elementor-view-framed elementor-absolute elementor-shape-circle ob-has-background-overlay elementor-widget elementor-widget-icon\" data-id=\"6b51f0d\" data-element_type=\"widget\" data-e-type=\"widget\" data-settings=\"{&quot;_position&quot;:&quot;absolute&quot;,&quot;_ob_widget_stalker_use&quot;:&quot;no&quot;,&quot;_ob_poopart_use&quot;:&quot;yes&quot;,&quot;_ob_shadough_use&quot;:&quot;no&quot;,&quot;_ob_allow_hoveranimator&quot;:&quot;no&quot;}\" data-widget_type=\"icon.default\">\n\t\t\t\t<div class=\"elementor-widget-container\">\n\t\t\t\t\t\t\t<div class=\"elementor-icon-wrapper\">\n\t\t\t<a class=\"elementor-icon\" href=\"\/de\/products\/quartz-sand\/\">\n\t\t\t<i aria-hidden=\"true\" class=\"fas fa-chevron-right\"><\/i>\t\t\t<\/a>\n\t\t<\/div>\n\t\t\t\t\t\t<\/div>\n\t\t\t\t<\/div>\n\t\t\t\t<\/div>\n\t\t\t\t\t<\/div>\n\t\t\t\t<\/div>\n\t\t\t\t<\/div>","protected":false},"excerpt":{"rendered":"<p>Zinnwald Lithium\u2019s processing operations are expected to produce a range of valuable industrial chemical by-products alongside lithium, supporting both sustainability and economic efficiency. Calcium Silicate Calcium silicate is widely used as a thermal insulation and fire protection material in construction and industrial settings. It also serves as an anti-caking agent in the food and pharmaceutical [&hellip;]<\/p>","protected":false},"author":2,"featured_media":856,"parent":664,"menu_order":0,"comment_status":"closed","ping_status":"closed","template":"","meta":{"footnotes":""},"class_list":["post-5217","page","type-page","status-publish","has-post-thumbnail","hentry"],"_links":{"self":[{"href":"https:\/\/zinnwaldlithium.com\/de\/wp-json\/wp\/v2\/pages\/5217","targetHints":{"allow":["GET"]}}],"collection":[{"href":"https:\/\/zinnwaldlithium.com\/de\/wp-json\/wp\/v2\/pages"}],"about":[{"href":"https:\/\/zinnwaldlithium.com\/de\/wp-json\/wp\/v2\/types\/page"}],"author":[{"embeddable":true,"href":"https:\/\/zinnwaldlithium.com\/de\/wp-json\/wp\/v2\/users\/2"}],"replies":[{"embeddable":true,"href":"https:\/\/zinnwaldlithium.com\/de\/wp-json\/wp\/v2\/comments?post=5217"}],"version-history":[{"count":5,"href":"https:\/\/zinnwaldlithium.com\/de\/wp-json\/wp\/v2\/pages\/5217\/revisions"}],"predecessor-version":[{"id":5286,"href":"https:\/\/zinnwaldlithium.com\/de\/wp-json\/wp\/v2\/pages\/5217\/revisions\/5286"}],"up":[{"embeddable":true,"href":"https:\/\/zinnwaldlithium.com\/de\/wp-json\/wp\/v2\/pages\/664"}],"wp:featuredmedia":[{"embeddable":true,"href":"https:\/\/zinnwaldlithium.com\/de\/wp-json\/wp\/v2\/media\/856"}],"wp:attachment":[{"href":"https:\/\/zinnwaldlithium.com\/de\/wp-json\/wp\/v2\/media?parent=5217"}],"curies":[{"name":"wp","href":"https:\/\/api.w.org\/{rel}","templated":true}]}}