{"id":666,"date":"2023-09-29T13:21:28","date_gmt":"2023-09-29T13:21:28","guid":{"rendered":"https:\/\/zinnwaldlithium.com\/?page_id=666"},"modified":"2025-04-29T11:45:51","modified_gmt":"2025-04-29T11:45:51","slug":"lithium-hydroxide","status":"publish","type":"page","link":"https:\/\/zinnwaldlithium.com\/de\/products\/lithium-hydroxide\/","title":{"rendered":"Lithiumhydroxid"},"content":{"rendered":"<div data-elementor-type=\"wp-post\" data-elementor-id=\"666\" class=\"elementor elementor-666\" data-elementor-post-type=\"page\">\n\t\t\t\t<div class=\"elementor-element elementor-element-82bbc4e e-flex e-con-boxed e-con e-parent\" data-id=\"82bbc4e\" data-element_type=\"container\" data-e-type=\"container\" id=\"hero\" data-settings=\"{&quot;background_background&quot;:&quot;classic&quot;,&quot;_ob_use_container_extras&quot;:&quot;no&quot;,&quot;_ob_column_hoveranimator&quot;:&quot;no&quot;,&quot;_ob_glider_is_slider&quot;:&quot;no&quot;,&quot;_ob_column_has_pseudo&quot;:&quot;no&quot;}\">\n\t\t\t\t\t<div class=\"e-con-inner\">\n\t\t<div class=\"elementor-element elementor-element-8471264 e-con-full elementor-hidden-desktop e-flex ob-is-container-extras e-con e-child\" data-id=\"8471264\" data-element_type=\"container\" data-e-type=\"container\" data-settings=\"{&quot;_ob_use_container_extras&quot;:&quot;yes&quot;,&quot;background_background&quot;:&quot;classic&quot;,&quot;_ob_column_hoveranimator&quot;:&quot;no&quot;,&quot;_ob_glider_is_slider&quot;:&quot;no&quot;,&quot;_ob_column_has_pseudo&quot;:&quot;no&quot;}\">\n\t\t\t\t<div class=\"elementor-element elementor-element-24be5c4 ob-has-background-overlay elementor-widget elementor-widget-spacer\" data-id=\"24be5c4\" data-element_type=\"widget\" data-e-type=\"widget\" data-settings=\"{&quot;_ob_spacerat_use&quot;:&quot;no&quot;,&quot;_ob_widget_stalker_use&quot;:&quot;no&quot;,&quot;_ob_poopart_use&quot;:&quot;yes&quot;,&quot;_ob_shadough_use&quot;:&quot;no&quot;,&quot;_ob_allow_hoveranimator&quot;:&quot;no&quot;}\" data-widget_type=\"spacer.default\">\n\t\t\t\t<div class=\"elementor-widget-container\">\n\t\t\t\t\t\t\t<div class=\"elementor-spacer\">\n\t\t\t<div class=\"elementor-spacer-inner\"><\/div>\n\t\t<\/div>\n\t\t\t\t\t\t<\/div>\n\t\t\t\t<\/div>\n\t\t\t\t<\/div>\n\t\t<div class=\"elementor-element elementor-element-0689234 e-con-full herocontent e-flex ob-is-container-extras e-con e-child\" data-id=\"0689234\" data-element_type=\"container\" data-e-type=\"container\" data-settings=\"{&quot;_ob_use_container_extras&quot;:&quot;yes&quot;,&quot;_ob_column_hoveranimator&quot;:&quot;no&quot;,&quot;_ob_glider_is_slider&quot;:&quot;no&quot;,&quot;_ob_column_has_pseudo&quot;:&quot;no&quot;}\">\n\t\t\t\t<div class=\"elementor-element elementor-element-153e3a6 elementor-widget__width-initial herotitle ob-has-background-overlay elementor-widget elementor-widget-heading\" data-id=\"153e3a6\" data-element_type=\"widget\" data-e-type=\"widget\" data-settings=\"{&quot;_ob_widget_stalker_use&quot;:&quot;no&quot;,&quot;_ob_poopart_use&quot;:&quot;yes&quot;,&quot;_ob_shadough_use&quot;:&quot;no&quot;,&quot;_ob_allow_hoveranimator&quot;:&quot;no&quot;}\" data-no-translation=\"\" data-widget_type=\"heading.default\">\n\t\t\t\t<div class=\"elementor-widget-container\">\n\t\t\t\t\t<style>.elementor-element-153e3a6{display:none !important}<\/style>\t\t\t\t<\/div>\n\t\t\t\t<\/div>\n\t\t\t\t<div class=\"elementor-element elementor-element-d8cb5ae elementor-widget__width-initial herotitle ob-has-background-overlay elementor-widget elementor-widget-heading\" data-id=\"d8cb5ae\" data-element_type=\"widget\" data-e-type=\"widget\" data-settings=\"{&quot;_ob_widget_stalker_use&quot;:&quot;no&quot;,&quot;_ob_poopart_use&quot;:&quot;yes&quot;,&quot;_ob_shadough_use&quot;:&quot;no&quot;,&quot;_ob_allow_hoveranimator&quot;:&quot;no&quot;}\" data-no-translation=\"\" data-widget_type=\"heading.default\">\n\t\t\t\t<div class=\"elementor-widget-container\">\n\t\t\t\t\t<h1 class=\"elementor-heading-title elementor-size-default\">Lithiumhydroxid<\/h1>\t\t\t\t<\/div>\n\t\t\t\t<\/div>\n\t\t\t\t<div class=\"elementor-element elementor-element-eb09b5f herotext ob-harakiri-inherit ob-has-background-overlay elementor-widget elementor-widget-text-editor\" data-id=\"eb09b5f\" data-element_type=\"widget\" data-e-type=\"widget\" data-settings=\"{&quot;_ob_use_harakiri&quot;:&quot;yes&quot;,&quot;_ob_harakiri_writing_mode&quot;:&quot;inherit&quot;,&quot;_ob_postman_use&quot;:&quot;no&quot;,&quot;_ob_widget_stalker_use&quot;:&quot;no&quot;,&quot;_ob_poopart_use&quot;:&quot;yes&quot;,&quot;_ob_shadough_use&quot;:&quot;no&quot;,&quot;_ob_allow_hoveranimator&quot;:&quot;no&quot;}\" data-widget_type=\"text-editor.default\">\n\t\t\t\t<div class=\"elementor-widget-container\">\n\t\t\t\t\t\t\t\t\t<p>Lithiumhydroxid (LiOH) ist die Verbindung, die europ\u00e4ische Batteriehersteller f\u00fcr Batterien am h\u00e4ufigsten einsetzen. Je nach Gr\u00f6\u00dfe des Elektrofahrzeugs (EV) k\u00f6nnen f\u00fcr die Herstellung der Batterie zwischen 12 kg und 60 kg LiOH erforderlich sein.<\/p><p>Basierend auf der aktualisierten Mineralressourcensch\u00e4tzung (2024) werden wir in Phase 1 j\u00e4hrlich 18.000 Tonnen Lithiumhydroxid (LiOH) produzieren; in Phase 2 soll die Jahresproduktion auf bis zu 35.100 Tonnen im Spitzenbetrieb steigen.<\/p>\t\t\t\t\t\t\t\t<\/div>\n\t\t\t\t<\/div>\n\t\t\t\t<div class=\"elementor-element elementor-element-4e1c78a premium-header-inline ob-has-background-overlay elementor-widget elementor-widget-premium-addon-dual-header\" data-id=\"4e1c78a\" data-element_type=\"widget\" data-e-type=\"widget\" data-settings=\"{&quot;_ob_widget_stalker_use&quot;:&quot;no&quot;,&quot;_ob_poopart_use&quot;:&quot;yes&quot;,&quot;_ob_shadough_use&quot;:&quot;no&quot;,&quot;_ob_allow_hoveranimator&quot;:&quot;no&quot;}\" data-widget_type=\"premium-addon-dual-header.default\">\n\t\t\t\t<div class=\"elementor-widget-container\">\n\t\t\t\t\t\r\n\t\t\t\t\t<h2 class=\"premium-dual-header-first-header\"><span class=\"premium-dual-header-first-span\">EINSATZGEBIET<br> <\/span><span class=\"premium-dual-header-second-header\">Batterieindustrie<\/span><\/h2> \t\t\r\n\t\t\t\t\t\t<\/div>\n\t\t\t\t<\/div>\n\t\t\t\t<\/div>\n\t\t\t\t\t<\/div>\n\t\t\t\t<\/div>\n\t\t<div class=\"elementor-element elementor-element-8517597 e-flex e-con-boxed e-con e-parent\" data-id=\"8517597\" data-element_type=\"container\" data-e-type=\"container\" data-settings=\"{&quot;_ob_use_container_extras&quot;:&quot;no&quot;,&quot;_ob_column_hoveranimator&quot;:&quot;no&quot;,&quot;_ob_glider_is_slider&quot;:&quot;no&quot;,&quot;_ob_column_has_pseudo&quot;:&quot;no&quot;}\">\n\t\t\t\t\t<div class=\"e-con-inner\">\n\t\t\t\t<div class=\"elementor-element elementor-element-a6c68a3 elementor-absolute premium-lottie-svg ob-has-background-overlay elementor-widget elementor-widget-premium-lottie\" data-id=\"a6c68a3\" data-element_type=\"widget\" data-e-type=\"widget\" data-settings=\"{&quot;lottie_file&quot;:{&quot;url&quot;:&quot;https:\\\/\\\/zinnwaldlithium.com\\\/wp-content\\\/uploads\\\/2023\\\/10\\\/Ripple-effect-Op4.json&quot;,&quot;id&quot;:3072,&quot;size&quot;:&quot;&quot;,&quot;alt&quot;:&quot;&quot;,&quot;source&quot;:&quot;library&quot;},&quot;_position&quot;:&quot;absolute&quot;,&quot;_ob_widget_stalker_use&quot;:&quot;no&quot;,&quot;_ob_poopart_use&quot;:&quot;yes&quot;,&quot;_ob_shadough_use&quot;:&quot;no&quot;,&quot;_ob_allow_hoveranimator&quot;:&quot;no&quot;}\" data-widget_type=\"premium-lottie.default\">\n\t\t\t\t<div class=\"elementor-widget-container\">\n\t\t\t\t\t\n\t\t<div class=\"premium-lottie-animation\" data-lottie-url=\"https:\/\/zinnwaldlithium.com\/wp-content\/uploads\/2023\/10\/Ripple-effect-Op4.json\" data-lottie-loop=\"true\" data-lottie-reverse=\"\" data-lottie-hover=\"\" data-lottie-speed=\"1\" data-lottie-render=\"svg\" data-lottie-delay=\"\">\n\t\t\t\t\t<\/div>\n\n\t\t\t\t\t\t<\/div>\n\t\t\t\t<\/div>\n\t\t<div class=\"elementor-element elementor-element-7ac0aa3 e-con-full e-flex ob-is-container-extras e-con e-child\" data-id=\"7ac0aa3\" data-element_type=\"container\" data-e-type=\"container\" data-settings=\"{&quot;_ob_use_container_extras&quot;:&quot;yes&quot;,&quot;_ob_column_hoveranimator&quot;:&quot;no&quot;,&quot;_ob_glider_is_slider&quot;:&quot;no&quot;,&quot;_ob_column_has_pseudo&quot;:&quot;no&quot;}\">\n\t\t\t\t<div class=\"elementor-element elementor-element-6bfe940 elementor-widget__width-initial ob-has-background-overlay elementor-widget elementor-widget-heading\" data-id=\"6bfe940\" data-element_type=\"widget\" data-e-type=\"widget\" data-settings=\"{&quot;_ob_widget_stalker_use&quot;:&quot;no&quot;,&quot;_ob_poopart_use&quot;:&quot;yes&quot;,&quot;_ob_shadough_use&quot;:&quot;no&quot;,&quot;_ob_allow_hoveranimator&quot;:&quot;no&quot;}\" data-widget_type=\"heading.default\">\n\t\t\t\t<div class=\"elementor-widget-container\">\n\t\t\t\t\t<h2 class=\"elementor-heading-title elementor-size-default\"><i>Weitere<\/i><br>Produkte<\/h2>\t\t\t\t<\/div>\n\t\t\t\t<\/div>\n\t\t\t\t<\/div>\n\t\t<div class=\"elementor-element elementor-element-9dbeb31 e-con-full e-flex ob-is-container-extras e-con e-child\" data-id=\"9dbeb31\" data-element_type=\"container\" data-e-type=\"container\" data-settings=\"{&quot;_ob_use_container_extras&quot;:&quot;yes&quot;,&quot;background_background&quot;:&quot;classic&quot;,&quot;_ob_column_hoveranimator&quot;:&quot;no&quot;,&quot;_ob_glider_is_slider&quot;:&quot;no&quot;,&quot;_ob_column_has_pseudo&quot;:&quot;no&quot;}\">\n\t\t\t\t<div class=\"elementor-element elementor-element-05a3a44 elementor-view-default elementor-position-block-start elementor-mobile-position-block-start ob-has-background-overlay elementor-widget elementor-widget-icon-box\" data-id=\"05a3a44\" data-element_type=\"widget\" data-e-type=\"widget\" data-settings=\"{&quot;_ob_widget_stalker_use&quot;:&quot;no&quot;,&quot;_ob_poopart_use&quot;:&quot;yes&quot;,&quot;_ob_shadough_use&quot;:&quot;no&quot;,&quot;_ob_allow_hoveranimator&quot;:&quot;no&quot;}\" data-widget_type=\"icon-box.default\">\n\t\t\t\t<div class=\"elementor-widget-container\">\n\t\t\t\t\t\t\t<div class=\"elementor-icon-box-wrapper\">\n\n\t\t\t\t\t\t<div class=\"elementor-icon-box-icon\">\n\t\t\t\t<a href=\"https:\/\/zinnwaldlithium.com\/de\/products\/industrial-chemicals\/\" class=\"elementor-icon\" tabindex=\"-1\" aria-label=\"Industriechemikalien\">\n\t\t\t\t<svg xmlns=\"http:\/\/www.w3.org\/2000\/svg\" width=\"71\" height=\"71\" viewbox=\"0 0 71 71\" fill=\"none\"><circle cx=\"35.5\" cy=\"35.5\" r=\"35.5\" fill=\"url(#paint0_linear_1869_81)\"><\/circle><g clip-path=\"url(#clip0_1869_81)\"><path d=\"M43.6434 17.5428H27.2988C26.5403 17.5428 25.9248 16.9733 25.9248 16.2714C25.9248 15.5695 26.5403 15 27.2988 15H43.6434C44.402 15 45.0174 15.5695 45.0174 16.2714C45.0174 16.9733 44.4025 17.5428 43.6434 17.5428Z\" fill=\"white\"><\/path><path d=\"M46.6247 55L24.3764 54.9936C21.412 54.9931 19 52.7602 19 50.0177C19 49.239 19.2004 48.4629 19.58 47.77L29.8319 29.0351V16.2714C29.8319 15.5695 30.4473 15 31.2059 15C31.9645 15 32.5799 15.5695 32.5799 16.2714V29.3381C32.5799 29.5378 32.529 29.7349 32.4316 29.9123L22.0309 48.9191C21.8454 49.257 21.7475 49.6379 21.7469 50.0183C21.7469 51.3585 22.9268 52.4498 24.3764 52.4503L46.6247 52.4567C47.0358 52.4567 47.4457 52.3661 47.811 52.1945C49.1048 51.5884 49.6241 50.1216 48.9697 48.9249L38.5695 29.9192C38.4722 29.7412 38.4212 29.5447 38.4212 29.345V16.2788C38.4212 15.5769 39.0373 15.0074 39.7953 15.0074C40.5533 15.0074 41.1693 15.5769 41.1693 16.2788V29.0414L51.4212 47.778C52.7603 50.2254 51.6971 53.2248 49.0533 54.4639C48.3045 54.8141 47.4652 55 46.6241 55H46.6247Z\" fill=\"white\"><\/path><path d=\"M46.0078 49.3427C46.0078 50.1384 45.3105 50.7831 44.4512 50.7831C43.5918 50.7831 42.8945 50.1379 42.8945 49.3427C42.8945 48.5476 43.5913 47.9023 44.4512 47.9023C45.3111 47.9023 46.0078 48.547 46.0078 49.3427Z\" fill=\"white\"><\/path><path d=\"M32.7581 40.6675C32.6894 40.6675 32.6207 40.6664 32.5508 40.6643C28.9749 40.5679 27.333 38.5718 26.7147 37.8201C26.6883 37.7888 26.6654 37.7597 26.6431 37.7332C26.2933 37.5033 26.0654 37.1251 26.0654 36.697C26.0654 35.9951 26.6809 35.4257 27.4395 35.4257C28.198 35.4257 28.6039 35.9188 28.8999 36.2796C29.4478 36.9466 30.3661 38.0617 32.631 38.1226C34.0153 38.1628 34.9777 37.5521 36.1862 36.7818C37.5986 35.8812 39.3568 34.7598 42.086 34.7598C42.8445 34.7598 43.46 35.3292 43.46 36.0312C43.46 36.7331 42.8445 37.3025 42.086 37.3025C40.211 37.3025 39.0688 38.0309 37.7452 38.8754C36.4256 39.7177 34.9347 40.668 32.7575 40.668L32.7581 40.6675Z\" fill=\"white\"><\/path><path d=\"M40.131 46.8777C38.1187 46.8777 36.4824 45.3626 36.4824 43.5011C36.4824 41.6395 38.1192 40.125 40.131 40.125C42.1428 40.125 43.7796 41.6395 43.7796 43.5011C43.7796 45.3626 42.1434 46.8777 40.131 46.8777ZM40.131 42.6683C39.6341 42.6683 39.2305 43.0418 39.2305 43.5016C39.2305 43.9614 39.6341 44.3354 40.131 44.3354C40.628 44.3354 41.0316 43.9619 41.0316 43.5016C41.0316 43.0412 40.628 42.6683 40.131 42.6683Z\" fill=\"white\"><\/path><path d=\"M28.5933 50.847C26.6313 50.847 25.0352 49.3701 25.0352 47.5546C25.0352 45.7392 26.6313 44.2617 28.5933 44.2617C30.5553 44.2617 32.152 45.7387 32.152 47.5546C32.1514 49.3695 30.5553 50.847 28.5933 50.847ZM28.5933 46.8045C28.1467 46.8045 27.7832 47.1409 27.7832 47.5546C27.7832 47.9683 28.1467 48.3042 28.5933 48.3042C29.0399 48.3042 29.404 47.9683 29.404 47.5546C29.404 47.1409 29.0399 46.8045 28.5933 46.8045Z\" fill=\"white\"><\/path><path d=\"M35.0398 43.401C35.0398 44.1909 34.3476 44.8313 33.494 44.8313C32.6404 44.8313 31.9482 44.1909 31.9482 43.401C31.9482 42.6112 32.6404 41.9707 33.494 41.9707C34.3476 41.9707 35.0398 42.6112 35.0398 43.401Z\" fill=\"white\"><\/path><\/g><defs><lineargradient id=\"paint0_linear_1869_81\" x1=\"35.5\" y1=\"0\" x2=\"35.5\" y2=\"71\" gradientunits=\"userSpaceOnUse\"><stop stop-color=\"#0197DC\"><\/stop><stop offset=\"1\" stop-color=\"#0061BF\"><\/stop><\/lineargradient><clippath id=\"clip0_1869_81\"><rect width=\"33\" height=\"40\" fill=\"white\" transform=\"translate(19 15)\"><\/rect><\/clippath><\/defs><\/svg>\t\t\t\t<\/a>\n\t\t\t<\/div>\n\t\t\t\n\t\t\t\t\t\t<div class=\"elementor-icon-box-content\">\n\n\t\t\t\t\t\t\t\t\t<h3 class=\"elementor-icon-box-title\">\n\t\t\t\t\t\t<a href=\"https:\/\/zinnwaldlithium.com\/de\/products\/industrial-chemicals\/\" >\n\t\t\t\t\t\t\tIndustriechemikalien\t\t\t\t\t\t<\/a>\n\t\t\t\t\t<\/h3>\n\t\t\t\t\n\t\t\t\t\n\t\t\t<\/div>\n\t\t\t\n\t\t<\/div>\n\t\t\t\t\t\t<\/div>\n\t\t\t\t<\/div>\n\t\t\t\t<div class=\"elementor-element elementor-element-3a555f4 elementor-view-framed elementor-absolute elementor-shape-circle ob-has-background-overlay elementor-widget elementor-widget-icon\" data-id=\"3a555f4\" data-element_type=\"widget\" data-e-type=\"widget\" data-settings=\"{&quot;_position&quot;:&quot;absolute&quot;,&quot;_ob_widget_stalker_use&quot;:&quot;no&quot;,&quot;_ob_poopart_use&quot;:&quot;yes&quot;,&quot;_ob_shadough_use&quot;:&quot;no&quot;,&quot;_ob_allow_hoveranimator&quot;:&quot;no&quot;}\" data-widget_type=\"icon.default\">\n\t\t\t\t<div class=\"elementor-widget-container\">\n\t\t\t\t\t\t\t<div class=\"elementor-icon-wrapper\">\n\t\t\t<a class=\"elementor-icon\" href=\"https:\/\/zinnwaldlithium.com\/de\/products\/industrial-chemicals\/\">\n\t\t\t<i aria-hidden=\"true\" class=\"fas fa-chevron-right\"><\/i>\t\t\t<\/a>\n\t\t<\/div>\n\t\t\t\t\t\t<\/div>\n\t\t\t\t<\/div>\n\t\t\t\t<\/div>\n\t\t<div class=\"elementor-element elementor-element-d2a1522 e-con-full e-flex ob-is-container-extras e-con e-child\" data-id=\"d2a1522\" data-element_type=\"container\" data-e-type=\"container\" data-settings=\"{&quot;_ob_use_container_extras&quot;:&quot;yes&quot;,&quot;background_background&quot;:&quot;classic&quot;,&quot;_ob_column_hoveranimator&quot;:&quot;no&quot;,&quot;_ob_glider_is_slider&quot;:&quot;no&quot;,&quot;_ob_column_has_pseudo&quot;:&quot;no&quot;}\">\n\t\t\t\t<div class=\"elementor-element elementor-element-7f06c58 elementor-view-default elementor-position-block-start elementor-mobile-position-block-start ob-has-background-overlay elementor-widget elementor-widget-icon-box\" data-id=\"7f06c58\" data-element_type=\"widget\" data-e-type=\"widget\" data-settings=\"{&quot;_ob_widget_stalker_use&quot;:&quot;no&quot;,&quot;_ob_poopart_use&quot;:&quot;yes&quot;,&quot;_ob_shadough_use&quot;:&quot;no&quot;,&quot;_ob_allow_hoveranimator&quot;:&quot;no&quot;}\" data-widget_type=\"icon-box.default\">\n\t\t\t\t<div class=\"elementor-widget-container\">\n\t\t\t\t\t\t\t<div class=\"elementor-icon-box-wrapper\">\n\n\t\t\t\t\t\t<div class=\"elementor-icon-box-icon\">\n\t\t\t\t<a href=\"https:\/\/zinnwaldlithium.com\/de\/products\/quartz-sand\/\" class=\"elementor-icon\" tabindex=\"-1\" aria-label=\"Quarzsand\">\n\t\t\t\t<svg xmlns=\"http:\/\/www.w3.org\/2000\/svg\" width=\"71\" height=\"71\" viewbox=\"0 0 71 71\" fill=\"none\"><circle cx=\"35.5\" cy=\"35.5\" r=\"35.5\" fill=\"url(#paint0_linear_799_2)\"><\/circle><path d=\"M50.3267 38.8772L49.5391 26.6098L43.0209 23.8688L34.1725 17.334L27.5511 26.2922L24.6831 27.5624L21.6738 38.8772L22.6787 49.2281L25.9704 53.1724L35.3566 50.1139L50.3267 38.8772Z\" stroke=\"white\" stroke-width=\"3\" stroke-linejoin=\"round\"><\/path><path d=\"M34.1715 17.334L32.4876 34.1975L22.6777 49.2281\" stroke=\"white\" stroke-width=\"3\" stroke-linejoin=\"round\"><\/path><path d=\"M35.3555 50.1136L35.6434 35.2556L49.538 26.6094\" stroke=\"white\" stroke-width=\"3\" stroke-linejoin=\"round\"><\/path><path d=\"M32.4883 34.1973L35.6442 35.2558\" stroke=\"white\" stroke-width=\"3\" stroke-linejoin=\"round\"><\/path><defs><lineargradient id=\"paint0_linear_799_2\" x1=\"35.5\" y1=\"0\" x2=\"35.5\" y2=\"71\" gradientunits=\"userSpaceOnUse\"><stop stop-color=\"#0197DC\"><\/stop><stop offset=\"1\" stop-color=\"#0061BF\"><\/stop><\/lineargradient><\/defs><\/svg>\t\t\t\t<\/a>\n\t\t\t<\/div>\n\t\t\t\n\t\t\t\t\t\t<div class=\"elementor-icon-box-content\">\n\n\t\t\t\t\t\t\t\t\t<h3 class=\"elementor-icon-box-title\">\n\t\t\t\t\t\t<a href=\"https:\/\/zinnwaldlithium.com\/de\/products\/quartz-sand\/\" >\n\t\t\t\t\t\t\tQuarzsand\t\t\t\t\t\t<\/a>\n\t\t\t\t\t<\/h3>\n\t\t\t\t\n\t\t\t\t\t\t\t\t\t<p class=\"elementor-icon-box-description\">\n\t\t\t\t\t\tDas beim Vermahlen von Erz anfallende Abfallprodukt.\t\t\t\t\t<\/p>\n\t\t\t\t\n\t\t\t<\/div>\n\t\t\t\n\t\t<\/div>\n\t\t\t\t\t\t<\/div>\n\t\t\t\t<\/div>\n\t\t\t\t<div class=\"elementor-element elementor-element-ec368c8 elementor-view-framed elementor-absolute elementor-shape-circle ob-has-background-overlay elementor-widget elementor-widget-icon\" data-id=\"ec368c8\" data-element_type=\"widget\" data-e-type=\"widget\" data-settings=\"{&quot;_position&quot;:&quot;absolute&quot;,&quot;_ob_widget_stalker_use&quot;:&quot;no&quot;,&quot;_ob_poopart_use&quot;:&quot;yes&quot;,&quot;_ob_shadough_use&quot;:&quot;no&quot;,&quot;_ob_allow_hoveranimator&quot;:&quot;no&quot;}\" data-widget_type=\"icon.default\">\n\t\t\t\t<div class=\"elementor-widget-container\">\n\t\t\t\t\t\t\t<div class=\"elementor-icon-wrapper\">\n\t\t\t<a class=\"elementor-icon\" href=\"\/de\/products\/quartz-sand\/\">\n\t\t\t<i aria-hidden=\"true\" class=\"fas fa-chevron-right\"><\/i>\t\t\t<\/a>\n\t\t<\/div>\n\t\t\t\t\t\t<\/div>\n\t\t\t\t<\/div>\n\t\t\t\t<\/div>\n\t\t\t\t\t<\/div>\n\t\t\t\t<\/div>\n\t\t\t\t<\/div>","protected":false},"excerpt":{"rendered":"<p>Lithium hydroxide (LiOH) is the compound of choice for European battery makers. Depending on the size of the electric vehicle, an EV battery can use between 12kg and 60kg of LiOH. Based on the updated Mineral Resource Estimate (2024), we will produce 18,000 tonnes per annum LiOH in Phase 1 and 35,100 tonnes per annum [&hellip;]<\/p>","protected":false},"author":1,"featured_media":852,"parent":664,"menu_order":0,"comment_status":"closed","ping_status":"closed","template":"","meta":{"footnotes":""},"class_list":["post-666","page","type-page","status-publish","has-post-thumbnail","hentry"],"_links":{"self":[{"href":"https:\/\/zinnwaldlithium.com\/de\/wp-json\/wp\/v2\/pages\/666","targetHints":{"allow":["GET"]}}],"collection":[{"href":"https:\/\/zinnwaldlithium.com\/de\/wp-json\/wp\/v2\/pages"}],"about":[{"href":"https:\/\/zinnwaldlithium.com\/de\/wp-json\/wp\/v2\/types\/page"}],"author":[{"embeddable":true,"href":"https:\/\/zinnwaldlithium.com\/de\/wp-json\/wp\/v2\/users\/1"}],"replies":[{"embeddable":true,"href":"https:\/\/zinnwaldlithium.com\/de\/wp-json\/wp\/v2\/comments?post=666"}],"version-history":[{"count":5,"href":"https:\/\/zinnwaldlithium.com\/de\/wp-json\/wp\/v2\/pages\/666\/revisions"}],"predecessor-version":[{"id":5280,"href":"https:\/\/zinnwaldlithium.com\/de\/wp-json\/wp\/v2\/pages\/666\/revisions\/5280"}],"up":[{"embeddable":true,"href":"https:\/\/zinnwaldlithium.com\/de\/wp-json\/wp\/v2\/pages\/664"}],"wp:featuredmedia":[{"embeddable":true,"href":"https:\/\/zinnwaldlithium.com\/de\/wp-json\/wp\/v2\/media\/852"}],"wp:attachment":[{"href":"https:\/\/zinnwaldlithium.com\/de\/wp-json\/wp\/v2\/media?parent=666"}],"curies":[{"name":"wp","href":"https:\/\/api.w.org\/{rel}","templated":true}]}}