{"id":668,"date":"2023-09-29T13:22:16","date_gmt":"2023-09-29T13:22:16","guid":{"rendered":"https:\/\/zinnwaldlithium.com\/?page_id=668"},"modified":"2024-11-14T11:46:16","modified_gmt":"2024-11-14T11:46:16","slug":"sop-fertiliser","status":"publish","type":"page","link":"https:\/\/zinnwaldlithium.com\/de\/products\/sop-fertiliser\/","title":{"rendered":"SOP-D\u00fcngemittel"},"content":{"rendered":"<div data-elementor-type=\"wp-post\" data-elementor-id=\"668\" class=\"elementor elementor-668\" data-elementor-post-type=\"page\">\n\t\t\t\t<div class=\"elementor-element elementor-element-0579065 e-flex e-con-boxed e-con e-parent\" data-id=\"0579065\" data-element_type=\"container\" data-e-type=\"container\" id=\"hero\" data-settings=\"{&quot;background_background&quot;:&quot;classic&quot;,&quot;_ob_use_container_extras&quot;:&quot;no&quot;,&quot;_ob_column_hoveranimator&quot;:&quot;no&quot;,&quot;_ob_glider_is_slider&quot;:&quot;no&quot;,&quot;_ob_column_has_pseudo&quot;:&quot;no&quot;}\">\n\t\t\t\t\t<div class=\"e-con-inner\">\n\t\t<div class=\"elementor-element elementor-element-5d2cdba e-con-full elementor-hidden-desktop e-flex ob-is-container-extras e-con e-child\" data-id=\"5d2cdba\" data-element_type=\"container\" data-e-type=\"container\" data-settings=\"{&quot;_ob_use_container_extras&quot;:&quot;yes&quot;,&quot;background_background&quot;:&quot;classic&quot;,&quot;_ob_column_hoveranimator&quot;:&quot;no&quot;,&quot;_ob_glider_is_slider&quot;:&quot;no&quot;,&quot;_ob_column_has_pseudo&quot;:&quot;no&quot;}\">\n\t\t\t\t<div class=\"elementor-element elementor-element-88e353a ob-has-background-overlay elementor-widget elementor-widget-spacer\" data-id=\"88e353a\" data-element_type=\"widget\" data-e-type=\"widget\" data-settings=\"{&quot;_ob_spacerat_use&quot;:&quot;no&quot;,&quot;_ob_widget_stalker_use&quot;:&quot;no&quot;,&quot;_ob_poopart_use&quot;:&quot;yes&quot;,&quot;_ob_shadough_use&quot;:&quot;no&quot;,&quot;_ob_allow_hoveranimator&quot;:&quot;no&quot;}\" data-widget_type=\"spacer.default\">\n\t\t\t\t<div class=\"elementor-widget-container\">\n\t\t\t\t\t\t\t<div class=\"elementor-spacer\">\n\t\t\t<div class=\"elementor-spacer-inner\"><\/div>\n\t\t<\/div>\n\t\t\t\t\t\t<\/div>\n\t\t\t\t<\/div>\n\t\t\t\t<\/div>\n\t\t<div class=\"elementor-element elementor-element-6e6aaf7 e-con-full herocontent e-flex ob-is-container-extras e-con e-child\" data-id=\"6e6aaf7\" data-element_type=\"container\" data-e-type=\"container\" data-settings=\"{&quot;_ob_use_container_extras&quot;:&quot;yes&quot;,&quot;_ob_column_hoveranimator&quot;:&quot;no&quot;,&quot;_ob_glider_is_slider&quot;:&quot;no&quot;,&quot;_ob_column_has_pseudo&quot;:&quot;no&quot;}\">\n\t\t\t\t<div class=\"elementor-element elementor-element-151117e elementor-widget__width-initial herotitle ob-has-background-overlay elementor-widget elementor-widget-heading\" data-id=\"151117e\" data-element_type=\"widget\" data-e-type=\"widget\" data-settings=\"{&quot;_ob_widget_stalker_use&quot;:&quot;no&quot;,&quot;_ob_poopart_use&quot;:&quot;yes&quot;,&quot;_ob_shadough_use&quot;:&quot;no&quot;,&quot;_ob_allow_hoveranimator&quot;:&quot;no&quot;}\" data-no-translation=\"\" data-widget_type=\"heading.default\">\n\t\t\t\t<div class=\"elementor-widget-container\">\n\t\t\t\t\t<style>.elementor-element-151117e{display:none !important}<\/style>\t\t\t\t<\/div>\n\t\t\t\t<\/div>\n\t\t\t\t<div class=\"elementor-element elementor-element-a60b649 elementor-widget__width-initial herotitle ob-has-background-overlay elementor-widget elementor-widget-heading\" data-id=\"a60b649\" data-element_type=\"widget\" data-e-type=\"widget\" data-settings=\"{&quot;_ob_widget_stalker_use&quot;:&quot;no&quot;,&quot;_ob_poopart_use&quot;:&quot;yes&quot;,&quot;_ob_shadough_use&quot;:&quot;no&quot;,&quot;_ob_allow_hoveranimator&quot;:&quot;no&quot;}\" data-no-translation=\"\" data-widget_type=\"heading.default\">\n\t\t\t\t<div class=\"elementor-widget-container\">\n\t\t\t\t\t<h1 class=\"elementor-heading-title elementor-size-default\">SOP-D\u00fcngemittel<\/h1>\t\t\t\t<\/div>\n\t\t\t\t<\/div>\n\t\t\t\t<div class=\"elementor-element elementor-element-636b783 herotext ob-harakiri-inherit ob-has-background-overlay elementor-widget elementor-widget-text-editor\" data-id=\"636b783\" data-element_type=\"widget\" data-e-type=\"widget\" data-settings=\"{&quot;_ob_use_harakiri&quot;:&quot;yes&quot;,&quot;_ob_harakiri_writing_mode&quot;:&quot;inherit&quot;,&quot;_ob_postman_use&quot;:&quot;no&quot;,&quot;_ob_widget_stalker_use&quot;:&quot;no&quot;,&quot;_ob_poopart_use&quot;:&quot;yes&quot;,&quot;_ob_shadough_use&quot;:&quot;no&quot;,&quot;_ob_allow_hoveranimator&quot;:&quot;no&quot;}\" data-widget_type=\"text-editor.default\">\n\t\t\t\t<div class=\"elementor-widget-container\">\n\t\t\t\t\t\t\t\t\t<p><strong>Ein potenziell attraktives Nebenprodukt.<\/strong><\/p><p>Kaliumsulfat (SOP) ist ein D\u00fcngemittel, das insbesondere in der Obst-, Gem\u00fcse- und Nussproduktion eingesetzt wird. <span style=\"color: var( --e-global-color-text ); font-family: var( --e-global-typography-5b0995a-font-family ); font-size: var( --e-global-typography-5b0995a-font-size ); font-weight: var( --e-global-typography-5b0995a-font-weight ); letter-spacing: var( --e-global-typography-5b0995a-letter-spacing ); word-spacing: var( --e-global-typography-5b0995a-word-spacing ); text-align: var(--text-align); background-color: var( --e-global-color-aca4f78 );\">Die europ\u00e4ischen Unternehmen dieser Branchen sind bei ihrer Versorgung mit SOP sehr stark von Russland und Wei\u00dfrussland abh\u00e4ngig. <\/span>Wir glauben, dass ein alternativer Bezug aus lokaler Produktion f\u00fcr sie attraktiv w\u00e4re.<\/p><p>Im Rahmen des Zinnwald-Lithium-Projekts k\u00f6nnten etwa 57.000 t SOP pro Jahr hergestellt werden - das ist eine erhebliche Menge, die jedoch nicht so gro\u00df ist, dass sie die Preisbildung auf dem Markt verzerren w\u00fcrde.<\/p>\t\t\t\t\t\t\t\t<\/div>\n\t\t\t\t<\/div>\n\t\t\t\t<div class=\"elementor-element elementor-element-6b4e623 premium-header-inline ob-has-background-overlay elementor-widget elementor-widget-premium-addon-dual-header\" data-id=\"6b4e623\" data-element_type=\"widget\" data-e-type=\"widget\" data-settings=\"{&quot;_ob_widget_stalker_use&quot;:&quot;no&quot;,&quot;_ob_poopart_use&quot;:&quot;yes&quot;,&quot;_ob_shadough_use&quot;:&quot;no&quot;,&quot;_ob_allow_hoveranimator&quot;:&quot;no&quot;}\" data-widget_type=\"premium-addon-dual-header.default\">\n\t\t\t\t<div class=\"elementor-widget-container\">\n\t\t\t\t\t\r\n\t\t\t\t\t<h2 class=\"premium-dual-header-first-header\"><span class=\"premium-dual-header-first-span\">EINSATZGEBIET<br> <\/span><span class=\"premium-dual-header-second-header\">Landwirtschaft<\/span><\/h2> \t\t\r\n\t\t\t\t\t\t<\/div>\n\t\t\t\t<\/div>\n\t\t\t\t<\/div>\n\t\t\t\t\t<\/div>\n\t\t\t\t<\/div>\n\t\t<div class=\"elementor-element elementor-element-f14df98 e-flex e-con-boxed e-con e-parent\" data-id=\"f14df98\" data-element_type=\"container\" data-e-type=\"container\" data-settings=\"{&quot;_ob_use_container_extras&quot;:&quot;no&quot;,&quot;_ob_column_hoveranimator&quot;:&quot;no&quot;,&quot;_ob_glider_is_slider&quot;:&quot;no&quot;,&quot;_ob_column_has_pseudo&quot;:&quot;no&quot;}\">\n\t\t\t\t\t<div class=\"e-con-inner\">\n\t\t\t\t<div class=\"elementor-element elementor-element-948942f elementor-absolute premium-lottie-svg ob-has-background-overlay elementor-widget elementor-widget-premium-lottie\" data-id=\"948942f\" data-element_type=\"widget\" data-e-type=\"widget\" data-settings=\"{&quot;lottie_file&quot;:{&quot;url&quot;:&quot;https:\\\/\\\/zinnwaldlithium.com\\\/wp-content\\\/uploads\\\/2023\\\/10\\\/Ripple-effect-Op4.json&quot;,&quot;id&quot;:3072,&quot;size&quot;:&quot;&quot;,&quot;alt&quot;:&quot;&quot;,&quot;source&quot;:&quot;library&quot;},&quot;_position&quot;:&quot;absolute&quot;,&quot;_ob_widget_stalker_use&quot;:&quot;no&quot;,&quot;_ob_poopart_use&quot;:&quot;yes&quot;,&quot;_ob_shadough_use&quot;:&quot;no&quot;,&quot;_ob_allow_hoveranimator&quot;:&quot;no&quot;}\" data-widget_type=\"premium-lottie.default\">\n\t\t\t\t<div class=\"elementor-widget-container\">\n\t\t\t\t\t\n\t\t<div class=\"premium-lottie-animation\" data-lottie-url=\"https:\/\/zinnwaldlithium.com\/wp-content\/uploads\/2023\/10\/Ripple-effect-Op4.json\" data-lottie-loop=\"true\" data-lottie-reverse=\"\" data-lottie-hover=\"\" data-lottie-speed=\"1\" data-lottie-render=\"svg\" data-lottie-delay=\"\">\n\t\t\t\t\t<\/div>\n\n\t\t\t\t\t\t<\/div>\n\t\t\t\t<\/div>\n\t\t<div class=\"elementor-element elementor-element-2d492b2 e-con-full e-flex ob-is-container-extras e-con e-child\" data-id=\"2d492b2\" data-element_type=\"container\" data-e-type=\"container\" data-settings=\"{&quot;_ob_use_container_extras&quot;:&quot;yes&quot;,&quot;_ob_column_hoveranimator&quot;:&quot;no&quot;,&quot;_ob_glider_is_slider&quot;:&quot;no&quot;,&quot;_ob_column_has_pseudo&quot;:&quot;no&quot;}\">\n\t\t\t\t<div class=\"elementor-element elementor-element-1a43a98 elementor-widget__width-initial ob-has-background-overlay elementor-widget elementor-widget-heading\" data-id=\"1a43a98\" data-element_type=\"widget\" data-e-type=\"widget\" data-settings=\"{&quot;_ob_widget_stalker_use&quot;:&quot;no&quot;,&quot;_ob_poopart_use&quot;:&quot;yes&quot;,&quot;_ob_shadough_use&quot;:&quot;no&quot;,&quot;_ob_allow_hoveranimator&quot;:&quot;no&quot;}\" data-widget_type=\"heading.default\">\n\t\t\t\t<div class=\"elementor-widget-container\">\n\t\t\t\t\t<h2 class=\"elementor-heading-title elementor-size-default\"><i>Weitere<\/i><br>Produkte<\/h2>\t\t\t\t<\/div>\n\t\t\t\t<\/div>\n\t\t\t\t<\/div>\n\t\t<div class=\"elementor-element elementor-element-ad0cf13 e-con-full e-flex ob-is-container-extras e-con e-child\" data-id=\"ad0cf13\" data-element_type=\"container\" data-e-type=\"container\" data-settings=\"{&quot;_ob_use_container_extras&quot;:&quot;yes&quot;,&quot;background_background&quot;:&quot;classic&quot;,&quot;_ob_column_hoveranimator&quot;:&quot;no&quot;,&quot;_ob_glider_is_slider&quot;:&quot;no&quot;,&quot;_ob_column_has_pseudo&quot;:&quot;no&quot;}\">\n\t\t\t\t<div class=\"elementor-element elementor-element-28326d3 elementor-view-default elementor-position-block-start elementor-mobile-position-block-start ob-has-background-overlay elementor-widget elementor-widget-icon-box\" data-id=\"28326d3\" data-element_type=\"widget\" data-e-type=\"widget\" data-settings=\"{&quot;_ob_widget_stalker_use&quot;:&quot;no&quot;,&quot;_ob_poopart_use&quot;:&quot;yes&quot;,&quot;_ob_shadough_use&quot;:&quot;no&quot;,&quot;_ob_allow_hoveranimator&quot;:&quot;no&quot;}\" data-widget_type=\"icon-box.default\">\n\t\t\t\t<div class=\"elementor-widget-container\">\n\t\t\t\t\t\t\t<div class=\"elementor-icon-box-wrapper\">\n\n\t\t\t\t\t\t<div class=\"elementor-icon-box-icon\">\n\t\t\t\t<a href=\"https:\/\/zinnwaldlithium.com\/de\/products\/lithium-hydroxide\/\" class=\"elementor-icon\" tabindex=\"-1\" aria-label=\"Lithiumhydroxid\">\n\t\t\t\t<svg xmlns=\"http:\/\/www.w3.org\/2000\/svg\" width=\"71\" height=\"71\" viewbox=\"0 0 71 71\" fill=\"none\"><circle cx=\"35.5\" cy=\"35.5\" r=\"35.5\" fill=\"url(#paint0_linear_799_4)\"><\/circle><path d=\"M41.2675 21.9355H28.7322C27.2939 21.9355 26.1279 23.1093 26.1279 24.5573V51.4288C26.1279 52.8768 27.2939 54.0506 28.7322 54.0506H41.2675C42.7058 54.0506 43.8718 52.8768 43.8718 51.4288V24.5573C43.8718 23.1093 42.7058 21.9355 41.2675 21.9355Z\" stroke=\"white\" stroke-width=\"2\" stroke-linejoin=\"round\"><\/path><path d=\"M40.3302 21.5673V19.3664C40.3302 18.0356 39.2569 16.9551 37.935 16.9551H32.0769C30.755 16.9551 29.6816 18.0356 29.6816 19.3664V21.4649\" stroke=\"white\" stroke-width=\"2\" stroke-linejoin=\"round\"><\/path><path d=\"M40.1883 25.8594H29.7939V31.2451H40.1883V25.8594Z\" stroke=\"white\" stroke-width=\"2\" stroke-linejoin=\"round\"><\/path><path d=\"M40.1883 35.2773H29.7939V40.663H40.1883V35.2773Z\" stroke=\"white\" stroke-width=\"2\" stroke-linejoin=\"round\"><\/path><path d=\"M40.1883 44.6895H29.7939V50.0751H40.1883V44.6895Z\" stroke=\"white\" stroke-width=\"2\" stroke-linejoin=\"round\"><\/path><defs><lineargradient id=\"paint0_linear_799_4\" x1=\"35.5\" y1=\"0\" x2=\"35.5\" y2=\"71\" gradientunits=\"userSpaceOnUse\"><stop stop-color=\"#0197DC\"><\/stop><stop offset=\"1\" stop-color=\"#0061BF\"><\/stop><\/lineargradient><\/defs><\/svg>\t\t\t\t<\/a>\n\t\t\t<\/div>\n\t\t\t\n\t\t\t\t\t\t<div class=\"elementor-icon-box-content\">\n\n\t\t\t\t\t\t\t\t\t<h3 class=\"elementor-icon-box-title\">\n\t\t\t\t\t\t<a href=\"https:\/\/zinnwaldlithium.com\/de\/products\/lithium-hydroxide\/\" >\n\t\t\t\t\t\t\tLithiumhydroxid\t\t\t\t\t\t<\/a>\n\t\t\t\t\t<\/h3>\n\t\t\t\t\n\t\t\t\t\t\t\t\t\t<p class=\"elementor-icon-box-description\">\n\t\t\t\t\t\tPrim\u00e4res Produkt.\t\t\t\t\t<\/p>\n\t\t\t\t\n\t\t\t<\/div>\n\t\t\t\n\t\t<\/div>\n\t\t\t\t\t\t<\/div>\n\t\t\t\t<\/div>\n\t\t\t\t<div class=\"elementor-element elementor-element-e18ff2c elementor-view-framed elementor-absolute elementor-shape-circle ob-has-background-overlay elementor-widget elementor-widget-icon\" data-id=\"e18ff2c\" data-element_type=\"widget\" data-e-type=\"widget\" data-settings=\"{&quot;_position&quot;:&quot;absolute&quot;,&quot;_ob_widget_stalker_use&quot;:&quot;no&quot;,&quot;_ob_poopart_use&quot;:&quot;yes&quot;,&quot;_ob_shadough_use&quot;:&quot;no&quot;,&quot;_ob_allow_hoveranimator&quot;:&quot;no&quot;}\" data-widget_type=\"icon.default\">\n\t\t\t\t<div class=\"elementor-widget-container\">\n\t\t\t\t\t\t\t<div class=\"elementor-icon-wrapper\">\n\t\t\t<a class=\"elementor-icon\" href=\"\/de\/products\/lithium-hydroxide\/\">\n\t\t\t<i aria-hidden=\"true\" class=\"fas fa-chevron-right\"><\/i>\t\t\t<\/a>\n\t\t<\/div>\n\t\t\t\t\t\t<\/div>\n\t\t\t\t<\/div>\n\t\t\t\t<\/div>\n\t\t<div class=\"elementor-element elementor-element-b3287b1 e-con-full e-flex ob-is-container-extras e-con e-child\" data-id=\"b3287b1\" data-element_type=\"container\" data-e-type=\"container\" data-settings=\"{&quot;_ob_use_container_extras&quot;:&quot;yes&quot;,&quot;background_background&quot;:&quot;classic&quot;,&quot;_ob_column_hoveranimator&quot;:&quot;no&quot;,&quot;_ob_glider_is_slider&quot;:&quot;no&quot;,&quot;_ob_column_has_pseudo&quot;:&quot;no&quot;}\">\n\t\t\t\t<div class=\"elementor-element elementor-element-f33a678 elementor-view-default elementor-position-block-start elementor-mobile-position-block-start ob-has-background-overlay elementor-widget elementor-widget-icon-box\" data-id=\"f33a678\" data-element_type=\"widget\" data-e-type=\"widget\" data-settings=\"{&quot;_ob_widget_stalker_use&quot;:&quot;no&quot;,&quot;_ob_poopart_use&quot;:&quot;yes&quot;,&quot;_ob_shadough_use&quot;:&quot;no&quot;,&quot;_ob_allow_hoveranimator&quot;:&quot;no&quot;}\" data-widget_type=\"icon-box.default\">\n\t\t\t\t<div class=\"elementor-widget-container\">\n\t\t\t\t\t\t\t<div class=\"elementor-icon-box-wrapper\">\n\n\t\t\t\t\t\t<div class=\"elementor-icon-box-icon\">\n\t\t\t\t<a href=\"https:\/\/zinnwaldlithium.com\/de\/products\/pcc\/\" class=\"elementor-icon\" tabindex=\"-1\" aria-label=\"PCC\">\n\t\t\t\t<svg xmlns=\"http:\/\/www.w3.org\/2000\/svg\" width=\"71\" height=\"71\" viewbox=\"0 0 71 71\" fill=\"none\"><circle cx=\"35.5\" cy=\"35.5\" r=\"35.5\" fill=\"url(#paint0_linear_886_326)\"><\/circle><path d=\"M60.0528 46.3658H57.4738C56.7895 45.3652 54.7896 42.6137 52.8949 40.4125C51.3685 38.6115 49.9475 36.5102 48.7369 34.7093C48.0526 33.6588 47.3686 32.6582 46.7369 31.8076C45.6842 30.3568 44.3684 28.4057 43.0527 26.5047C38.5264 19.751 37.2106 18 36 18C34.8422 18 33.6842 19.5008 29.5264 25.4041C27.6317 28.1055 25.6844 30.8571 24.4211 32.2079C22.8948 33.8588 21.1053 36.7103 19.3685 39.4619C17.7896 41.9632 15.8423 44.8648 14.5264 46.4157H11.9475C11.4211 46.4157 11 46.816 11 47.3163C11 47.8166 11.4211 48.2169 11.9475 48.2169H60.0526C60.5789 48.2169 61 47.8166 61 47.3163C60.9998 46.766 60.5787 46.3657 60.0524 46.3657L60.0528 46.3658ZM21.0003 40.3624C22.6844 37.6609 24.4213 34.9094 25.8424 33.4086C27.2107 31.9578 29.1582 29.1563 31.0529 26.4548C32.737 24.0533 35.0002 20.8517 36.0002 19.9512C37.0529 20.9017 39.6844 24.8038 41.4739 27.4553C42.7897 29.4064 44.1055 31.4075 45.2107 32.8583C45.7896 33.6587 46.4739 34.6592 47.1579 35.6598C48.4211 37.5107 49.8421 39.612 51.421 41.513C52.9474 43.314 54.3684 45.2651 55.1578 46.3157L16.9474 46.3159C18.2105 44.765 19.579 42.6638 21 40.3626L21.0003 40.3624Z\" fill=\"white\" stroke=\"white\"><\/path><path d=\"M26.4222 42.6632C26.4222 43.4092 25.7859 44.014 25.001 44.014C24.2162 44.014 23.5801 43.4092 23.5801 42.6632C23.5801 41.9172 24.2162 41.3125 25.001 41.3125C25.7859 41.3125 26.4222 41.9172 26.4222 42.6632Z\" fill=\"white\" stroke=\"white\"><\/path><path d=\"M33.7365 42.6632C33.7365 43.4092 33.1003 44.014 32.3155 44.014C31.5307 44.014 30.8945 43.4092 30.8945 42.6632C30.8945 41.9172 31.5307 41.3125 32.3155 41.3125C33.1003 41.3125 33.7365 41.9172 33.7365 42.6632Z\" fill=\"white\" stroke=\"white\"><\/path><path d=\"M41.1056 42.6632C41.1056 43.4092 40.4695 44.014 39.6846 44.014C38.8998 44.014 38.2637 43.4092 38.2637 42.6632C38.2637 41.9172 38.8998 41.3125 39.6846 41.3125C40.4695 41.3125 41.1056 41.9172 41.1056 42.6632Z\" fill=\"white\" stroke=\"white\"><\/path><path d=\"M48.4222 42.6632C48.4222 43.4092 47.786 44.014 47.0012 44.014C46.2164 44.014 45.5801 43.4092 45.5801 42.6632C45.5801 41.9172 46.2164 41.3125 47.0012 41.3125C47.786 41.3125 48.4222 41.9172 48.4222 42.6632Z\" fill=\"white\" stroke=\"white\"><\/path><path d=\"M30.1058 37.0598C30.1058 37.8059 29.4695 38.4105 28.6846 38.4105C27.8998 38.4105 27.2637 37.8058 27.2637 37.0598C27.2637 36.3138 27.8998 35.709 28.6846 35.709C29.4695 35.709 30.1058 36.3138 30.1058 37.0598Z\" fill=\"white\" stroke=\"white\"><\/path><path d=\"M37.42 37.0598C37.42 37.8059 36.7839 38.4105 35.9991 38.4105C35.2143 38.4105 34.5781 37.8058 34.5781 37.0598C34.5781 36.3138 35.2143 35.709 35.9991 35.709C36.7839 35.709 37.42 36.3138 37.42 37.0598Z\" fill=\"white\" stroke=\"white\"><\/path><path d=\"M44.7366 37.0598C44.7366 37.8059 44.1005 38.4105 43.3157 38.4105C42.5308 38.4105 41.8945 37.8058 41.8945 37.0598C41.8945 36.3138 42.5308 35.709 43.3157 35.709C44.1005 35.709 44.7366 36.3138 44.7366 37.0598Z\" fill=\"white\" stroke=\"white\"><\/path><path d=\"M33.7365 31.4561C33.7365 32.2022 33.1003 32.807 32.3155 32.807C31.5307 32.807 30.8945 32.2021 30.8945 31.4561C30.8945 30.7103 31.5307 30.1055 32.3155 30.1055C33.1003 30.1055 33.7365 30.7103 33.7365 31.4561Z\" fill=\"white\" stroke=\"white\"><\/path><path d=\"M41.1056 31.4561C41.1056 32.2022 40.4695 32.807 39.6846 32.807C38.8998 32.807 38.2637 32.2021 38.2637 31.4561C38.2637 30.7103 38.8998 30.1055 39.6846 30.1055C40.4695 30.1055 41.1056 30.7103 41.1056 31.4561Z\" fill=\"white\" stroke=\"white\"><\/path><path d=\"M37.42 25.8059C37.42 26.5519 36.7839 27.1566 35.9991 27.1566C35.2143 27.1566 34.5781 26.5519 34.5781 25.8059C34.5781 25.0599 35.2143 24.4551 35.9991 24.4551C36.7839 24.4551 37.42 25.0599 37.42 25.8059Z\" fill=\"white\" stroke=\"white\"><\/path><defs><lineargradient id=\"paint0_linear_886_326\" x1=\"35.5\" y1=\"0\" x2=\"35.5\" y2=\"71\" gradientunits=\"userSpaceOnUse\"><stop stop-color=\"#0197DC\"><\/stop><stop offset=\"1\" stop-color=\"#0061BF\"><\/stop><\/lineargradient><\/defs><\/svg>\t\t\t\t<\/a>\n\t\t\t<\/div>\n\t\t\t\n\t\t\t\t\t\t<div class=\"elementor-icon-box-content\">\n\n\t\t\t\t\t\t\t\t\t<h3 class=\"elementor-icon-box-title\">\n\t\t\t\t\t\t<a href=\"https:\/\/zinnwaldlithium.com\/de\/products\/pcc\/\" >\n\t\t\t\t\t\t\tPCC\t\t\t\t\t\t<\/a>\n\t\t\t\t\t<\/h3>\n\t\t\t\t\n\t\t\t\t\t\t\t\t\t<p class=\"elementor-icon-box-description\">\n\t\t\t\t\t\tEin weiteres Nebenprodukt.\t\t\t\t\t<\/p>\n\t\t\t\t\n\t\t\t<\/div>\n\t\t\t\n\t\t<\/div>\n\t\t\t\t\t\t<\/div>\n\t\t\t\t<\/div>\n\t\t\t\t<div class=\"elementor-element elementor-element-284ce4d elementor-view-framed elementor-absolute elementor-shape-circle ob-has-background-overlay elementor-widget elementor-widget-icon\" data-id=\"284ce4d\" data-element_type=\"widget\" data-e-type=\"widget\" data-settings=\"{&quot;_position&quot;:&quot;absolute&quot;,&quot;_ob_widget_stalker_use&quot;:&quot;no&quot;,&quot;_ob_poopart_use&quot;:&quot;yes&quot;,&quot;_ob_shadough_use&quot;:&quot;no&quot;,&quot;_ob_allow_hoveranimator&quot;:&quot;no&quot;}\" data-widget_type=\"icon.default\">\n\t\t\t\t<div class=\"elementor-widget-container\">\n\t\t\t\t\t\t\t<div class=\"elementor-icon-wrapper\">\n\t\t\t<a class=\"elementor-icon\" href=\"\/de\/products\/pcc\/\">\n\t\t\t<i aria-hidden=\"true\" class=\"fas fa-chevron-right\"><\/i>\t\t\t<\/a>\n\t\t<\/div>\n\t\t\t\t\t\t<\/div>\n\t\t\t\t<\/div>\n\t\t\t\t<\/div>\n\t\t<div class=\"elementor-element elementor-element-2950a5e e-con-full e-flex ob-is-container-extras e-con e-child\" data-id=\"2950a5e\" data-element_type=\"container\" data-e-type=\"container\" data-settings=\"{&quot;_ob_use_container_extras&quot;:&quot;yes&quot;,&quot;background_background&quot;:&quot;classic&quot;,&quot;_ob_column_hoveranimator&quot;:&quot;no&quot;,&quot;_ob_glider_is_slider&quot;:&quot;no&quot;,&quot;_ob_column_has_pseudo&quot;:&quot;no&quot;}\">\n\t\t\t\t<div class=\"elementor-element elementor-element-2aba6a5 elementor-view-default elementor-position-block-start elementor-mobile-position-block-start ob-has-background-overlay elementor-widget elementor-widget-icon-box\" data-id=\"2aba6a5\" data-element_type=\"widget\" data-e-type=\"widget\" data-settings=\"{&quot;_ob_widget_stalker_use&quot;:&quot;no&quot;,&quot;_ob_poopart_use&quot;:&quot;yes&quot;,&quot;_ob_shadough_use&quot;:&quot;no&quot;,&quot;_ob_allow_hoveranimator&quot;:&quot;no&quot;}\" data-widget_type=\"icon-box.default\">\n\t\t\t\t<div class=\"elementor-widget-container\">\n\t\t\t\t\t\t\t<div class=\"elementor-icon-box-wrapper\">\n\n\t\t\t\t\t\t<div class=\"elementor-icon-box-icon\">\n\t\t\t\t<a href=\"https:\/\/zinnwaldlithium.com\/de\/products\/quartz-sand\/\" class=\"elementor-icon\" tabindex=\"-1\" aria-label=\"Quarzsand\">\n\t\t\t\t<svg xmlns=\"http:\/\/www.w3.org\/2000\/svg\" width=\"71\" height=\"71\" viewbox=\"0 0 71 71\" fill=\"none\"><circle cx=\"35.5\" cy=\"35.5\" r=\"35.5\" fill=\"url(#paint0_linear_799_2)\"><\/circle><path d=\"M50.3267 38.8772L49.5391 26.6098L43.0209 23.8688L34.1725 17.334L27.5511 26.2922L24.6831 27.5624L21.6738 38.8772L22.6787 49.2281L25.9704 53.1724L35.3566 50.1139L50.3267 38.8772Z\" stroke=\"white\" stroke-width=\"3\" stroke-linejoin=\"round\"><\/path><path d=\"M34.1715 17.334L32.4876 34.1975L22.6777 49.2281\" stroke=\"white\" stroke-width=\"3\" stroke-linejoin=\"round\"><\/path><path d=\"M35.3555 50.1136L35.6434 35.2556L49.538 26.6094\" stroke=\"white\" stroke-width=\"3\" stroke-linejoin=\"round\"><\/path><path d=\"M32.4883 34.1973L35.6442 35.2558\" stroke=\"white\" stroke-width=\"3\" stroke-linejoin=\"round\"><\/path><defs><lineargradient id=\"paint0_linear_799_2\" x1=\"35.5\" y1=\"0\" x2=\"35.5\" y2=\"71\" gradientunits=\"userSpaceOnUse\"><stop stop-color=\"#0197DC\"><\/stop><stop offset=\"1\" stop-color=\"#0061BF\"><\/stop><\/lineargradient><\/defs><\/svg>\t\t\t\t<\/a>\n\t\t\t<\/div>\n\t\t\t\n\t\t\t\t\t\t<div class=\"elementor-icon-box-content\">\n\n\t\t\t\t\t\t\t\t\t<h3 class=\"elementor-icon-box-title\">\n\t\t\t\t\t\t<a href=\"https:\/\/zinnwaldlithium.com\/de\/products\/quartz-sand\/\" >\n\t\t\t\t\t\t\tQuarzsand\t\t\t\t\t\t<\/a>\n\t\t\t\t\t<\/h3>\n\t\t\t\t\n\t\t\t\t\t\t\t\t\t<p class=\"elementor-icon-box-description\">\n\t\t\t\t\t\tDas beim Vermahlen von Erz anfallende Abfallprodukt.\t\t\t\t\t<\/p>\n\t\t\t\t\n\t\t\t<\/div>\n\t\t\t\n\t\t<\/div>\n\t\t\t\t\t\t<\/div>\n\t\t\t\t<\/div>\n\t\t\t\t<div class=\"elementor-element elementor-element-6b51f0d elementor-view-framed elementor-absolute elementor-shape-circle ob-has-background-overlay elementor-widget elementor-widget-icon\" data-id=\"6b51f0d\" data-element_type=\"widget\" data-e-type=\"widget\" data-settings=\"{&quot;_position&quot;:&quot;absolute&quot;,&quot;_ob_widget_stalker_use&quot;:&quot;no&quot;,&quot;_ob_poopart_use&quot;:&quot;yes&quot;,&quot;_ob_shadough_use&quot;:&quot;no&quot;,&quot;_ob_allow_hoveranimator&quot;:&quot;no&quot;}\" data-widget_type=\"icon.default\">\n\t\t\t\t<div class=\"elementor-widget-container\">\n\t\t\t\t\t\t\t<div class=\"elementor-icon-wrapper\">\n\t\t\t<a class=\"elementor-icon\" href=\"\/de\/products\/quartz-sand\/\">\n\t\t\t<i aria-hidden=\"true\" class=\"fas fa-chevron-right\"><\/i>\t\t\t<\/a>\n\t\t<\/div>\n\t\t\t\t\t\t<\/div>\n\t\t\t\t<\/div>\n\t\t\t\t<\/div>\n\t\t\t\t\t<\/div>\n\t\t\t\t<\/div>\n\t\t\t\t<\/div>","protected":false},"excerpt":{"rendered":"<p>A potentially attractive co-product. Sulfate of potash is a fertiliser with particular application for producers of fruits, vegetables and nuts. European firms are heavily reliant on Russia and Belarus for their SOP supply, and we think a local alternative will be attractive to them. The project will produce approximately 57,000 tonnes of SOP a year\u2014a [&hellip;]<\/p>","protected":false},"author":1,"featured_media":856,"parent":664,"menu_order":0,"comment_status":"closed","ping_status":"closed","template":"","meta":{"footnotes":""},"class_list":["post-668","page","type-page","status-publish","has-post-thumbnail","hentry"],"_links":{"self":[{"href":"https:\/\/zinnwaldlithium.com\/de\/wp-json\/wp\/v2\/pages\/668","targetHints":{"allow":["GET"]}}],"collection":[{"href":"https:\/\/zinnwaldlithium.com\/de\/wp-json\/wp\/v2\/pages"}],"about":[{"href":"https:\/\/zinnwaldlithium.com\/de\/wp-json\/wp\/v2\/types\/page"}],"author":[{"embeddable":true,"href":"https:\/\/zinnwaldlithium.com\/de\/wp-json\/wp\/v2\/users\/1"}],"replies":[{"embeddable":true,"href":"https:\/\/zinnwaldlithium.com\/de\/wp-json\/wp\/v2\/comments?post=668"}],"version-history":[{"count":5,"href":"https:\/\/zinnwaldlithium.com\/de\/wp-json\/wp\/v2\/pages\/668\/revisions"}],"predecessor-version":[{"id":5105,"href":"https:\/\/zinnwaldlithium.com\/de\/wp-json\/wp\/v2\/pages\/668\/revisions\/5105"}],"up":[{"embeddable":true,"href":"https:\/\/zinnwaldlithium.com\/de\/wp-json\/wp\/v2\/pages\/664"}],"wp:featuredmedia":[{"embeddable":true,"href":"https:\/\/zinnwaldlithium.com\/de\/wp-json\/wp\/v2\/media\/856"}],"wp:attachment":[{"href":"https:\/\/zinnwaldlithium.com\/de\/wp-json\/wp\/v2\/media?parent=668"}],"curies":[{"name":"wp","href":"https:\/\/api.w.org\/{rel}","templated":true}]}}