{"id":672,"date":"2023-09-29T13:23:14","date_gmt":"2023-09-29T13:23:14","guid":{"rendered":"https:\/\/zinnwaldlithium.com\/?page_id=672"},"modified":"2024-11-14T11:57:13","modified_gmt":"2024-11-14T11:57:13","slug":"pcc","status":"publish","type":"page","link":"https:\/\/zinnwaldlithium.com\/de\/products\/pcc\/","title":{"rendered":"PCC"},"content":{"rendered":"<div data-elementor-type=\"wp-post\" data-elementor-id=\"672\" class=\"elementor elementor-672\" data-elementor-post-type=\"page\">\n\t\t\t\t<div class=\"elementor-element elementor-element-3e43518 e-flex e-con-boxed e-con e-parent\" data-id=\"3e43518\" data-element_type=\"container\" data-e-type=\"container\" id=\"hero\" data-settings=\"{&quot;background_background&quot;:&quot;classic&quot;,&quot;_ob_use_container_extras&quot;:&quot;no&quot;,&quot;_ob_column_hoveranimator&quot;:&quot;no&quot;,&quot;_ob_glider_is_slider&quot;:&quot;no&quot;,&quot;_ob_column_has_pseudo&quot;:&quot;no&quot;}\">\n\t\t\t\t\t<div class=\"e-con-inner\">\n\t\t<div class=\"elementor-element elementor-element-1e5a754 e-con-full elementor-hidden-desktop e-flex ob-is-container-extras e-con e-child\" data-id=\"1e5a754\" data-element_type=\"container\" data-e-type=\"container\" data-settings=\"{&quot;_ob_use_container_extras&quot;:&quot;yes&quot;,&quot;background_background&quot;:&quot;classic&quot;,&quot;_ob_column_hoveranimator&quot;:&quot;no&quot;,&quot;_ob_glider_is_slider&quot;:&quot;no&quot;,&quot;_ob_column_has_pseudo&quot;:&quot;no&quot;}\">\n\t\t\t\t<div class=\"elementor-element elementor-element-9015816 ob-has-background-overlay elementor-widget elementor-widget-spacer\" data-id=\"9015816\" data-element_type=\"widget\" data-e-type=\"widget\" data-settings=\"{&quot;_ob_spacerat_use&quot;:&quot;no&quot;,&quot;_ob_widget_stalker_use&quot;:&quot;no&quot;,&quot;_ob_poopart_use&quot;:&quot;yes&quot;,&quot;_ob_shadough_use&quot;:&quot;no&quot;,&quot;_ob_allow_hoveranimator&quot;:&quot;no&quot;}\" data-widget_type=\"spacer.default\">\n\t\t\t\t<div class=\"elementor-widget-container\">\n\t\t\t\t\t\t\t<div class=\"elementor-spacer\">\n\t\t\t<div class=\"elementor-spacer-inner\"><\/div>\n\t\t<\/div>\n\t\t\t\t\t\t<\/div>\n\t\t\t\t<\/div>\n\t\t\t\t<\/div>\n\t\t<div class=\"elementor-element elementor-element-9f92742 e-con-full herocontent e-flex ob-is-container-extras e-con e-child\" data-id=\"9f92742\" data-element_type=\"container\" data-e-type=\"container\" data-settings=\"{&quot;_ob_use_container_extras&quot;:&quot;yes&quot;,&quot;_ob_column_hoveranimator&quot;:&quot;no&quot;,&quot;_ob_glider_is_slider&quot;:&quot;no&quot;,&quot;_ob_column_has_pseudo&quot;:&quot;no&quot;}\">\n\t\t\t\t<div class=\"elementor-element elementor-element-bf1ea76 elementor-widget__width-initial herotitle ob-has-background-overlay elementor-widget elementor-widget-heading\" data-id=\"bf1ea76\" data-element_type=\"widget\" data-e-type=\"widget\" data-settings=\"{&quot;_ob_widget_stalker_use&quot;:&quot;no&quot;,&quot;_ob_poopart_use&quot;:&quot;yes&quot;,&quot;_ob_shadough_use&quot;:&quot;no&quot;,&quot;_ob_allow_hoveranimator&quot;:&quot;no&quot;}\" data-widget_type=\"heading.default\">\n\t\t\t\t<div class=\"elementor-widget-container\">\n\t\t\t\t\t<h1 class=\"elementor-heading-title elementor-size-default\">PCC<\/h1>\t\t\t\t<\/div>\n\t\t\t\t<\/div>\n\t\t\t\t<div class=\"elementor-element elementor-element-c56e4fc herotext ob-harakiri-inherit ob-has-background-overlay elementor-widget elementor-widget-text-editor\" data-id=\"c56e4fc\" data-element_type=\"widget\" data-e-type=\"widget\" data-settings=\"{&quot;_ob_use_harakiri&quot;:&quot;yes&quot;,&quot;_ob_harakiri_writing_mode&quot;:&quot;inherit&quot;,&quot;_ob_postman_use&quot;:&quot;no&quot;,&quot;_ob_widget_stalker_use&quot;:&quot;no&quot;,&quot;_ob_poopart_use&quot;:&quot;yes&quot;,&quot;_ob_shadough_use&quot;:&quot;no&quot;,&quot;_ob_allow_hoveranimator&quot;:&quot;no&quot;}\" data-widget_type=\"text-editor.default\">\n\t\t\t\t<div class=\"elementor-widget-container\">\n\t\t\t\t\t\t\t\t\t<p><strong>Ein m\u00f6gliches weiteres Nebenprodukt<\/strong><\/p><p>Gef\u00e4lltes Calciumcarbonat (PCC) ist ein F\u00fcllstoff, der bei der Herstellung von hochwertigem Papier zur Verbesserung der Lichtundurchl\u00e4ssigkeit, Helligkeit, Festigkeit und Bedruckbarkeit eingesetzt wird.<\/p><p>Im Rahmen des Zinnwald-Lithium-Projekts k\u00f6nnen ca. 16.900 t PCC pro Jahr produziert werden.<\/p>\t\t\t\t\t\t\t\t<\/div>\n\t\t\t\t<\/div>\n\t\t\t\t<div class=\"elementor-element elementor-element-bcc22d8 premium-header-inline ob-has-background-overlay elementor-widget elementor-widget-premium-addon-dual-header\" data-id=\"bcc22d8\" data-element_type=\"widget\" data-e-type=\"widget\" data-settings=\"{&quot;_ob_widget_stalker_use&quot;:&quot;no&quot;,&quot;_ob_poopart_use&quot;:&quot;yes&quot;,&quot;_ob_shadough_use&quot;:&quot;no&quot;,&quot;_ob_allow_hoveranimator&quot;:&quot;no&quot;}\" data-widget_type=\"premium-addon-dual-header.default\">\n\t\t\t\t<div class=\"elementor-widget-container\">\n\t\t\t\t\t\r\n\t\t\t\t\t<h2 class=\"premium-dual-header-first-header\"><span class=\"premium-dual-header-first-span\">EINSATZGEBIET<br> <\/span><span class=\"premium-dual-header-second-header\">Papierindustrie<\/span><\/h2> \t\t\r\n\t\t\t\t\t\t<\/div>\n\t\t\t\t<\/div>\n\t\t\t\t<\/div>\n\t\t\t\t\t<\/div>\n\t\t\t\t<\/div>\n\t\t<div class=\"elementor-element elementor-element-bb95278 e-flex e-con-boxed e-con e-parent\" data-id=\"bb95278\" data-element_type=\"container\" data-e-type=\"container\" data-settings=\"{&quot;_ob_use_container_extras&quot;:&quot;no&quot;,&quot;_ob_column_hoveranimator&quot;:&quot;no&quot;,&quot;_ob_glider_is_slider&quot;:&quot;no&quot;,&quot;_ob_column_has_pseudo&quot;:&quot;no&quot;}\">\n\t\t\t\t\t<div class=\"e-con-inner\">\n\t\t\t\t<div class=\"elementor-element elementor-element-a1b84fe elementor-absolute premium-lottie-svg ob-has-background-overlay elementor-widget elementor-widget-premium-lottie\" data-id=\"a1b84fe\" data-element_type=\"widget\" data-e-type=\"widget\" data-settings=\"{&quot;lottie_file&quot;:{&quot;url&quot;:&quot;https:\\\/\\\/zinnwaldlithium.com\\\/wp-content\\\/uploads\\\/2023\\\/10\\\/Ripple-effect-Op4.json&quot;,&quot;id&quot;:3072,&quot;size&quot;:&quot;&quot;,&quot;alt&quot;:&quot;&quot;,&quot;source&quot;:&quot;library&quot;},&quot;_position&quot;:&quot;absolute&quot;,&quot;_ob_widget_stalker_use&quot;:&quot;no&quot;,&quot;_ob_poopart_use&quot;:&quot;yes&quot;,&quot;_ob_shadough_use&quot;:&quot;no&quot;,&quot;_ob_allow_hoveranimator&quot;:&quot;no&quot;}\" data-widget_type=\"premium-lottie.default\">\n\t\t\t\t<div class=\"elementor-widget-container\">\n\t\t\t\t\t\n\t\t<div class=\"premium-lottie-animation\" data-lottie-url=\"https:\/\/zinnwaldlithium.com\/wp-content\/uploads\/2023\/10\/Ripple-effect-Op4.json\" data-lottie-loop=\"true\" data-lottie-reverse=\"\" data-lottie-hover=\"\" data-lottie-speed=\"1\" data-lottie-render=\"svg\" data-lottie-delay=\"\">\n\t\t\t\t\t<\/div>\n\n\t\t\t\t\t\t<\/div>\n\t\t\t\t<\/div>\n\t\t<div class=\"elementor-element elementor-element-53d074a e-con-full e-flex ob-is-container-extras e-con e-child\" data-id=\"53d074a\" data-element_type=\"container\" data-e-type=\"container\" data-settings=\"{&quot;_ob_use_container_extras&quot;:&quot;yes&quot;,&quot;_ob_column_hoveranimator&quot;:&quot;no&quot;,&quot;_ob_glider_is_slider&quot;:&quot;no&quot;,&quot;_ob_column_has_pseudo&quot;:&quot;no&quot;}\">\n\t\t\t\t<div class=\"elementor-element elementor-element-3b77cda elementor-widget__width-initial ob-has-background-overlay elementor-widget elementor-widget-heading\" data-id=\"3b77cda\" data-element_type=\"widget\" data-e-type=\"widget\" data-settings=\"{&quot;_ob_widget_stalker_use&quot;:&quot;no&quot;,&quot;_ob_poopart_use&quot;:&quot;yes&quot;,&quot;_ob_shadough_use&quot;:&quot;no&quot;,&quot;_ob_allow_hoveranimator&quot;:&quot;no&quot;}\" data-widget_type=\"heading.default\">\n\t\t\t\t<div class=\"elementor-widget-container\">\n\t\t\t\t\t<h2 class=\"elementor-heading-title elementor-size-default\"><i>Weitere<\/i><br>Produkte<\/h2>\t\t\t\t<\/div>\n\t\t\t\t<\/div>\n\t\t\t\t<\/div>\n\t\t<div class=\"elementor-element elementor-element-c63fb39 e-con-full e-flex ob-is-container-extras e-con e-child\" data-id=\"c63fb39\" data-element_type=\"container\" data-e-type=\"container\" data-settings=\"{&quot;_ob_use_container_extras&quot;:&quot;yes&quot;,&quot;background_background&quot;:&quot;classic&quot;,&quot;_ob_column_hoveranimator&quot;:&quot;no&quot;,&quot;_ob_glider_is_slider&quot;:&quot;no&quot;,&quot;_ob_column_has_pseudo&quot;:&quot;no&quot;}\">\n\t\t\t\t<div class=\"elementor-element elementor-element-bbf4600 elementor-view-default elementor-position-block-start elementor-mobile-position-block-start ob-has-background-overlay elementor-widget elementor-widget-icon-box\" data-id=\"bbf4600\" data-element_type=\"widget\" data-e-type=\"widget\" data-settings=\"{&quot;_ob_widget_stalker_use&quot;:&quot;no&quot;,&quot;_ob_poopart_use&quot;:&quot;yes&quot;,&quot;_ob_shadough_use&quot;:&quot;no&quot;,&quot;_ob_allow_hoveranimator&quot;:&quot;no&quot;}\" data-widget_type=\"icon-box.default\">\n\t\t\t\t<div class=\"elementor-widget-container\">\n\t\t\t\t\t\t\t<div class=\"elementor-icon-box-wrapper\">\n\n\t\t\t\t\t\t<div class=\"elementor-icon-box-icon\">\n\t\t\t\t<a href=\"https:\/\/zinnwaldlithium.com\/de\/products\/lithium-hydroxide\/\" class=\"elementor-icon\" tabindex=\"-1\" aria-label=\"Lithiumhydroxid\">\n\t\t\t\t<svg xmlns=\"http:\/\/www.w3.org\/2000\/svg\" width=\"71\" height=\"71\" viewbox=\"0 0 71 71\" fill=\"none\"><circle cx=\"35.5\" cy=\"35.5\" r=\"35.5\" fill=\"url(#paint0_linear_799_4)\"><\/circle><path d=\"M41.2675 21.9355H28.7322C27.2939 21.9355 26.1279 23.1093 26.1279 24.5573V51.4288C26.1279 52.8768 27.2939 54.0506 28.7322 54.0506H41.2675C42.7058 54.0506 43.8718 52.8768 43.8718 51.4288V24.5573C43.8718 23.1093 42.7058 21.9355 41.2675 21.9355Z\" stroke=\"white\" stroke-width=\"2\" stroke-linejoin=\"round\"><\/path><path d=\"M40.3302 21.5673V19.3664C40.3302 18.0356 39.2569 16.9551 37.935 16.9551H32.0769C30.755 16.9551 29.6816 18.0356 29.6816 19.3664V21.4649\" stroke=\"white\" stroke-width=\"2\" stroke-linejoin=\"round\"><\/path><path d=\"M40.1883 25.8594H29.7939V31.2451H40.1883V25.8594Z\" stroke=\"white\" stroke-width=\"2\" stroke-linejoin=\"round\"><\/path><path d=\"M40.1883 35.2773H29.7939V40.663H40.1883V35.2773Z\" stroke=\"white\" stroke-width=\"2\" stroke-linejoin=\"round\"><\/path><path d=\"M40.1883 44.6895H29.7939V50.0751H40.1883V44.6895Z\" stroke=\"white\" stroke-width=\"2\" stroke-linejoin=\"round\"><\/path><defs><lineargradient id=\"paint0_linear_799_4\" x1=\"35.5\" y1=\"0\" x2=\"35.5\" y2=\"71\" gradientunits=\"userSpaceOnUse\"><stop stop-color=\"#0197DC\"><\/stop><stop offset=\"1\" stop-color=\"#0061BF\"><\/stop><\/lineargradient><\/defs><\/svg>\t\t\t\t<\/a>\n\t\t\t<\/div>\n\t\t\t\n\t\t\t\t\t\t<div class=\"elementor-icon-box-content\">\n\n\t\t\t\t\t\t\t\t\t<h3 class=\"elementor-icon-box-title\">\n\t\t\t\t\t\t<a href=\"https:\/\/zinnwaldlithium.com\/de\/products\/lithium-hydroxide\/\" >\n\t\t\t\t\t\t\tLithiumhydroxid\t\t\t\t\t\t<\/a>\n\t\t\t\t\t<\/h3>\n\t\t\t\t\n\t\t\t\t\t\t\t\t\t<p class=\"elementor-icon-box-description\">\n\t\t\t\t\t\tPrim\u00e4res Produkt.\t\t\t\t\t<\/p>\n\t\t\t\t\n\t\t\t<\/div>\n\t\t\t\n\t\t<\/div>\n\t\t\t\t\t\t<\/div>\n\t\t\t\t<\/div>\n\t\t\t\t<div class=\"elementor-element elementor-element-dc9aad4 elementor-view-framed elementor-absolute elementor-shape-circle ob-has-background-overlay elementor-widget elementor-widget-icon\" data-id=\"dc9aad4\" data-element_type=\"widget\" data-e-type=\"widget\" data-settings=\"{&quot;_position&quot;:&quot;absolute&quot;,&quot;_ob_widget_stalker_use&quot;:&quot;no&quot;,&quot;_ob_poopart_use&quot;:&quot;yes&quot;,&quot;_ob_shadough_use&quot;:&quot;no&quot;,&quot;_ob_allow_hoveranimator&quot;:&quot;no&quot;}\" data-widget_type=\"icon.default\">\n\t\t\t\t<div class=\"elementor-widget-container\">\n\t\t\t\t\t\t\t<div class=\"elementor-icon-wrapper\">\n\t\t\t<a class=\"elementor-icon\" href=\"\/de\/products\/lithium-hydroxide\/\">\n\t\t\t<i aria-hidden=\"true\" class=\"fas fa-chevron-right\"><\/i>\t\t\t<\/a>\n\t\t<\/div>\n\t\t\t\t\t\t<\/div>\n\t\t\t\t<\/div>\n\t\t\t\t<\/div>\n\t\t<div class=\"elementor-element elementor-element-e502bf1 e-con-full e-flex ob-is-container-extras e-con e-child\" data-id=\"e502bf1\" data-element_type=\"container\" data-e-type=\"container\" data-settings=\"{&quot;_ob_use_container_extras&quot;:&quot;yes&quot;,&quot;background_background&quot;:&quot;classic&quot;,&quot;_ob_column_hoveranimator&quot;:&quot;no&quot;,&quot;_ob_glider_is_slider&quot;:&quot;no&quot;,&quot;_ob_column_has_pseudo&quot;:&quot;no&quot;}\">\n\t\t\t\t<div class=\"elementor-element elementor-element-52e63d1 elementor-view-default elementor-position-block-start elementor-mobile-position-block-start ob-has-background-overlay elementor-widget elementor-widget-icon-box\" data-id=\"52e63d1\" data-element_type=\"widget\" data-e-type=\"widget\" data-settings=\"{&quot;_ob_widget_stalker_use&quot;:&quot;no&quot;,&quot;_ob_poopart_use&quot;:&quot;yes&quot;,&quot;_ob_shadough_use&quot;:&quot;no&quot;,&quot;_ob_allow_hoveranimator&quot;:&quot;no&quot;}\" data-widget_type=\"icon-box.default\">\n\t\t\t\t<div class=\"elementor-widget-container\">\n\t\t\t\t\t\t\t<div class=\"elementor-icon-box-wrapper\">\n\n\t\t\t\t\t\t<div class=\"elementor-icon-box-icon\">\n\t\t\t\t<a href=\"https:\/\/zinnwaldlithium.com\/de\/products\/sop-fertiliser\/\" class=\"elementor-icon\" tabindex=\"-1\" aria-label=\"SOP-D\u00fcngemittel\">\n\t\t\t\t<svg xmlns=\"http:\/\/www.w3.org\/2000\/svg\" width=\"71\" height=\"72\" viewbox=\"0 0 71 72\" fill=\"none\"><circle cx=\"35.5\" cy=\"36.2148\" r=\"35.5\" fill=\"url(#paint0_linear_904_381)\"><\/circle><path d=\"M34.0999 33.8359C28.066 33.5561 22.6212 29.7731 20.0935 24.0395C19.9715 23.7623 19.9689 23.4422 20.0857 23.1623C20.2025 22.8825 20.4308 22.6673 20.7085 22.5704C20.9836 22.4762 27.508 20.2807 32.0678 23.6897C33.0748 24.443 33.8923 25.4009 34.5333 26.5605V26.5848C36.0437 20.504 41.3795 16 47.7093 16H49.9619C50.5355 16 51 16.4816 51 17.0762C51 25.8502 44.4678 33.0744 36.1813 33.7928V41.8215C38.4988 42.1713 40.5205 43.6081 41.5534 45.6583C44.7741 45.9327 47.0501 48.1767 47.8494 51.9139C48.0051 52.643 47.8312 53.3991 47.3745 53.991C46.8788 54.6341 46.1236 55 45.3061 55H25.4993C24.1446 55 23.0391 53.9076 23.0391 52.565C23.0391 49.3282 25.367 46.5166 28.5487 45.7713C29.5816 43.6215 31.6915 42.1229 34.1051 41.8V41.7354V33.8305L34.0999 33.8359ZM22.5511 24.2978C24.8998 28.5731 29.2001 31.3659 33.9494 31.67C33.5809 28.791 32.5428 26.6978 30.8533 25.4332C28.1724 23.4287 24.4353 23.8834 22.5511 24.2978ZM47.7093 18.1525C41.351 18.1525 36.1787 23.5148 36.1787 30.1067V31.6323C42.9808 30.9543 48.384 25.2475 48.8849 18.1525H47.7093ZM30.3394 46.8771C30.2745 47.3399 29.9242 47.722 29.4544 47.7892C26.9786 48.1444 25.1126 50.1919 25.1126 52.5516C25.1126 52.6996 25.2709 52.8502 25.4967 52.8502H45.3009C45.4826 52.8502 45.6512 52.7749 45.7499 52.6457C45.8147 52.5623 45.8381 52.4735 45.8173 52.3821C45.1633 49.3309 43.4998 47.7839 40.8682 47.7839C40.44 47.7839 40.0585 47.5121 39.9002 47.1004C39.1762 45.1821 37.2349 43.8933 35.0731 43.8933C32.9113 43.8933 31.1206 45.0825 30.3368 46.8771H30.3394Z\" fill=\"white\"><\/path><defs><lineargradient id=\"paint0_linear_904_381\" x1=\"35.5\" y1=\"0.714844\" x2=\"35.5\" y2=\"71.7148\" gradientunits=\"userSpaceOnUse\"><stop stop-color=\"#0197DC\"><\/stop><stop offset=\"1\" stop-color=\"#0061BF\"><\/stop><\/lineargradient><\/defs><\/svg>\t\t\t\t<\/a>\n\t\t\t<\/div>\n\t\t\t\n\t\t\t\t\t\t<div class=\"elementor-icon-box-content\">\n\n\t\t\t\t\t\t\t\t\t<h3 class=\"elementor-icon-box-title\">\n\t\t\t\t\t\t<a href=\"https:\/\/zinnwaldlithium.com\/de\/products\/sop-fertiliser\/\" >\n\t\t\t\t\t\t\tSOP-D\u00fcngemittel\t\t\t\t\t\t<\/a>\n\t\t\t\t\t<\/h3>\n\t\t\t\t\n\t\t\t\t\t\t\t\t\t<p class=\"elementor-icon-box-description\">\n\t\t\t\t\t\tPrim\u00e4res Nebenprodukt.\t\t\t\t\t<\/p>\n\t\t\t\t\n\t\t\t<\/div>\n\t\t\t\n\t\t<\/div>\n\t\t\t\t\t\t<\/div>\n\t\t\t\t<\/div>\n\t\t\t\t<div class=\"elementor-element elementor-element-75a3f58 elementor-view-framed elementor-absolute elementor-shape-circle ob-has-background-overlay elementor-widget elementor-widget-icon\" data-id=\"75a3f58\" data-element_type=\"widget\" data-e-type=\"widget\" data-settings=\"{&quot;_position&quot;:&quot;absolute&quot;,&quot;_ob_widget_stalker_use&quot;:&quot;no&quot;,&quot;_ob_poopart_use&quot;:&quot;yes&quot;,&quot;_ob_shadough_use&quot;:&quot;no&quot;,&quot;_ob_allow_hoveranimator&quot;:&quot;no&quot;}\" data-widget_type=\"icon.default\">\n\t\t\t\t<div class=\"elementor-widget-container\">\n\t\t\t\t\t\t\t<div class=\"elementor-icon-wrapper\">\n\t\t\t<a class=\"elementor-icon\" href=\"\/de\/products\/sop-fertiliser\/\">\n\t\t\t<i aria-hidden=\"true\" class=\"fas fa-chevron-right\"><\/i>\t\t\t<\/a>\n\t\t<\/div>\n\t\t\t\t\t\t<\/div>\n\t\t\t\t<\/div>\n\t\t\t\t<\/div>\n\t\t<div class=\"elementor-element elementor-element-dcc69f7 e-con-full e-flex ob-is-container-extras e-con e-child\" data-id=\"dcc69f7\" data-element_type=\"container\" data-e-type=\"container\" data-settings=\"{&quot;_ob_use_container_extras&quot;:&quot;yes&quot;,&quot;background_background&quot;:&quot;classic&quot;,&quot;_ob_column_hoveranimator&quot;:&quot;no&quot;,&quot;_ob_glider_is_slider&quot;:&quot;no&quot;,&quot;_ob_column_has_pseudo&quot;:&quot;no&quot;}\">\n\t\t\t\t<div class=\"elementor-element elementor-element-9c259cf elementor-view-default elementor-position-block-start elementor-mobile-position-block-start ob-has-background-overlay elementor-widget elementor-widget-icon-box\" data-id=\"9c259cf\" data-element_type=\"widget\" data-e-type=\"widget\" data-settings=\"{&quot;_ob_widget_stalker_use&quot;:&quot;no&quot;,&quot;_ob_poopart_use&quot;:&quot;yes&quot;,&quot;_ob_shadough_use&quot;:&quot;no&quot;,&quot;_ob_allow_hoveranimator&quot;:&quot;no&quot;}\" data-widget_type=\"icon-box.default\">\n\t\t\t\t<div class=\"elementor-widget-container\">\n\t\t\t\t\t\t\t<div class=\"elementor-icon-box-wrapper\">\n\n\t\t\t\t\t\t<div class=\"elementor-icon-box-icon\">\n\t\t\t\t<a href=\"https:\/\/zinnwaldlithium.com\/de\/products\/quartz-sand\/\" class=\"elementor-icon\" tabindex=\"-1\" aria-label=\"Quarzsand\">\n\t\t\t\t<svg xmlns=\"http:\/\/www.w3.org\/2000\/svg\" width=\"71\" height=\"71\" viewbox=\"0 0 71 71\" fill=\"none\"><circle cx=\"35.5\" cy=\"35.5\" r=\"35.5\" fill=\"url(#paint0_linear_799_2)\"><\/circle><path d=\"M50.3267 38.8772L49.5391 26.6098L43.0209 23.8688L34.1725 17.334L27.5511 26.2922L24.6831 27.5624L21.6738 38.8772L22.6787 49.2281L25.9704 53.1724L35.3566 50.1139L50.3267 38.8772Z\" stroke=\"white\" stroke-width=\"3\" stroke-linejoin=\"round\"><\/path><path d=\"M34.1715 17.334L32.4876 34.1975L22.6777 49.2281\" stroke=\"white\" stroke-width=\"3\" stroke-linejoin=\"round\"><\/path><path d=\"M35.3555 50.1136L35.6434 35.2556L49.538 26.6094\" stroke=\"white\" stroke-width=\"3\" stroke-linejoin=\"round\"><\/path><path d=\"M32.4883 34.1973L35.6442 35.2558\" stroke=\"white\" stroke-width=\"3\" stroke-linejoin=\"round\"><\/path><defs><lineargradient id=\"paint0_linear_799_2\" x1=\"35.5\" y1=\"0\" x2=\"35.5\" y2=\"71\" gradientunits=\"userSpaceOnUse\"><stop stop-color=\"#0197DC\"><\/stop><stop offset=\"1\" stop-color=\"#0061BF\"><\/stop><\/lineargradient><\/defs><\/svg>\t\t\t\t<\/a>\n\t\t\t<\/div>\n\t\t\t\n\t\t\t\t\t\t<div class=\"elementor-icon-box-content\">\n\n\t\t\t\t\t\t\t\t\t<h3 class=\"elementor-icon-box-title\">\n\t\t\t\t\t\t<a href=\"https:\/\/zinnwaldlithium.com\/de\/products\/quartz-sand\/\" >\n\t\t\t\t\t\t\tQuarzsand\t\t\t\t\t\t<\/a>\n\t\t\t\t\t<\/h3>\n\t\t\t\t\n\t\t\t\t\t\t\t\t\t<p class=\"elementor-icon-box-description\">\n\t\t\t\t\t\tDas beim Vermahlen von Erz anfallende Abfallprodukt.\t\t\t\t\t<\/p>\n\t\t\t\t\n\t\t\t<\/div>\n\t\t\t\n\t\t<\/div>\n\t\t\t\t\t\t<\/div>\n\t\t\t\t<\/div>\n\t\t\t\t<div class=\"elementor-element elementor-element-08c7ee9 elementor-view-framed elementor-absolute elementor-shape-circle ob-has-background-overlay elementor-widget elementor-widget-icon\" data-id=\"08c7ee9\" data-element_type=\"widget\" data-e-type=\"widget\" data-settings=\"{&quot;_position&quot;:&quot;absolute&quot;,&quot;_ob_widget_stalker_use&quot;:&quot;no&quot;,&quot;_ob_poopart_use&quot;:&quot;yes&quot;,&quot;_ob_shadough_use&quot;:&quot;no&quot;,&quot;_ob_allow_hoveranimator&quot;:&quot;no&quot;}\" data-widget_type=\"icon.default\">\n\t\t\t\t<div class=\"elementor-widget-container\">\n\t\t\t\t\t\t\t<div class=\"elementor-icon-wrapper\">\n\t\t\t<a class=\"elementor-icon\" href=\"\/de\/products\/quartz-sand\/\">\n\t\t\t<i aria-hidden=\"true\" class=\"fas fa-chevron-right\"><\/i>\t\t\t<\/a>\n\t\t<\/div>\n\t\t\t\t\t\t<\/div>\n\t\t\t\t<\/div>\n\t\t\t\t<\/div>\n\t\t\t\t\t<\/div>\n\t\t\t\t<\/div>\n\t\t\t\t<\/div>","protected":false},"excerpt":{"rendered":"<p>PCC Another possible by-product. Precipitated Calcium Carbonate is a filler used in high-quality paper making, helping to improve opacity, brightness, strength and printability. The Zinnwald lithium project has the capacity to produce approximately 16,900 tonnes of PCC per year. usage Paper OtherProducts Lithium Hydroxide Primary product. SOP Fertilisers Primary co-product. Quartz Sand Initial mined waste [&hellip;]<\/p>","protected":false},"author":1,"featured_media":853,"parent":664,"menu_order":0,"comment_status":"closed","ping_status":"closed","template":"","meta":{"footnotes":""},"class_list":["post-672","page","type-page","status-publish","has-post-thumbnail","hentry"],"_links":{"self":[{"href":"https:\/\/zinnwaldlithium.com\/de\/wp-json\/wp\/v2\/pages\/672","targetHints":{"allow":["GET"]}}],"collection":[{"href":"https:\/\/zinnwaldlithium.com\/de\/wp-json\/wp\/v2\/pages"}],"about":[{"href":"https:\/\/zinnwaldlithium.com\/de\/wp-json\/wp\/v2\/types\/page"}],"author":[{"embeddable":true,"href":"https:\/\/zinnwaldlithium.com\/de\/wp-json\/wp\/v2\/users\/1"}],"replies":[{"embeddable":true,"href":"https:\/\/zinnwaldlithium.com\/de\/wp-json\/wp\/v2\/comments?post=672"}],"version-history":[{"count":5,"href":"https:\/\/zinnwaldlithium.com\/de\/wp-json\/wp\/v2\/pages\/672\/revisions"}],"predecessor-version":[{"id":5111,"href":"https:\/\/zinnwaldlithium.com\/de\/wp-json\/wp\/v2\/pages\/672\/revisions\/5111"}],"up":[{"embeddable":true,"href":"https:\/\/zinnwaldlithium.com\/de\/wp-json\/wp\/v2\/pages\/664"}],"wp:featuredmedia":[{"embeddable":true,"href":"https:\/\/zinnwaldlithium.com\/de\/wp-json\/wp\/v2\/media\/853"}],"wp:attachment":[{"href":"https:\/\/zinnwaldlithium.com\/de\/wp-json\/wp\/v2\/media?parent=672"}],"curies":[{"name":"wp","href":"https:\/\/api.w.org\/{rel}","templated":true}]}}