{"id":828,"date":"2023-10-02T08:28:19","date_gmt":"2023-10-02T08:28:19","guid":{"rendered":"https:\/\/zinnwaldlithium.com\/?page_id=828"},"modified":"2024-05-27T12:59:57","modified_gmt":"2024-05-27T12:59:57","slug":"terms-conditions","status":"publish","type":"page","link":"https:\/\/zinnwaldlithium.com\/de\/terms-conditions\/","title":{"rendered":"Bedingungen und Konditionen"},"content":{"rendered":"<div data-elementor-type=\"wp-post\" data-elementor-id=\"828\" class=\"elementor elementor-828\" data-elementor-post-type=\"page\">\n\t\t\t\t<div class=\"elementor-element elementor-element-c02ccfb e-flex e-con-boxed e-con e-parent\" data-id=\"c02ccfb\" data-element_type=\"container\" data-e-type=\"container\" data-settings=\"{&quot;background_background&quot;:&quot;classic&quot;,&quot;_ob_use_container_extras&quot;:&quot;no&quot;,&quot;_ob_column_hoveranimator&quot;:&quot;no&quot;,&quot;_ob_glider_is_slider&quot;:&quot;no&quot;,&quot;_ob_column_has_pseudo&quot;:&quot;no&quot;}\">\n\t\t\t\t\t<div class=\"e-con-inner\">\n\t\t<div class=\"elementor-element elementor-element-5a060da e-con-full elementor-hidden-desktop e-flex ob-is-container-extras e-con e-child\" data-id=\"5a060da\" data-element_type=\"container\" data-e-type=\"container\" data-settings=\"{&quot;_ob_use_container_extras&quot;:&quot;yes&quot;,&quot;background_background&quot;:&quot;classic&quot;,&quot;_ob_column_hoveranimator&quot;:&quot;no&quot;,&quot;_ob_glider_is_slider&quot;:&quot;no&quot;,&quot;_ob_column_has_pseudo&quot;:&quot;no&quot;}\">\n\t\t\t\t<div class=\"elementor-element elementor-element-ae40ce6 ob-has-background-overlay elementor-widget elementor-widget-spacer\" data-id=\"ae40ce6\" data-element_type=\"widget\" data-e-type=\"widget\" data-settings=\"{&quot;_ob_spacerat_use&quot;:&quot;no&quot;,&quot;_ob_widget_stalker_use&quot;:&quot;no&quot;,&quot;_ob_poopart_use&quot;:&quot;yes&quot;,&quot;_ob_shadough_use&quot;:&quot;no&quot;,&quot;_ob_allow_hoveranimator&quot;:&quot;no&quot;}\" data-widget_type=\"spacer.default\">\n\t\t\t\t<div class=\"elementor-widget-container\">\n\t\t\t\t\t\t\t<div class=\"elementor-spacer\">\n\t\t\t<div class=\"elementor-spacer-inner\"><\/div>\n\t\t<\/div>\n\t\t\t\t\t\t<\/div>\n\t\t\t\t<\/div>\n\t\t\t\t<\/div>\n\t\t<div class=\"elementor-element elementor-element-547c494 e-con-full herocontent e-flex ob-is-container-extras e-con e-child\" data-id=\"547c494\" data-element_type=\"container\" data-e-type=\"container\" data-settings=\"{&quot;_ob_use_container_extras&quot;:&quot;yes&quot;,&quot;_ob_column_hoveranimator&quot;:&quot;no&quot;,&quot;_ob_glider_is_slider&quot;:&quot;no&quot;,&quot;_ob_column_has_pseudo&quot;:&quot;no&quot;}\">\n\t\t\t\t<div class=\"elementor-element elementor-element-fa9bca0 elementor-widget__width-initial ob-has-background-overlay elementor-widget elementor-widget-heading\" data-id=\"fa9bca0\" data-element_type=\"widget\" data-e-type=\"widget\" data-settings=\"{&quot;_ob_widget_stalker_use&quot;:&quot;no&quot;,&quot;_ob_poopart_use&quot;:&quot;yes&quot;,&quot;_ob_shadough_use&quot;:&quot;no&quot;,&quot;_ob_allow_hoveranimator&quot;:&quot;no&quot;}\" data-widget_type=\"heading.default\">\n\t\t\t\t<div class=\"elementor-widget-container\">\n\t\t\t\t\t<h1 class=\"elementor-heading-title elementor-size-default\"><i>Terms &amp;<\/i><br>Bedingungen<\/h1>\t\t\t\t<\/div>\n\t\t\t\t<\/div>\n\t\t\t\t<\/div>\n\t\t\t\t\t<\/div>\n\t\t\t\t<\/div>\n\t\t<div class=\"elementor-element elementor-element-97bee7b e-flex e-con-boxed e-con e-parent\" data-id=\"97bee7b\" data-element_type=\"container\" data-e-type=\"container\" data-settings=\"{&quot;_ob_use_container_extras&quot;:&quot;no&quot;,&quot;_ob_column_hoveranimator&quot;:&quot;no&quot;,&quot;_ob_glider_is_slider&quot;:&quot;no&quot;,&quot;_ob_column_has_pseudo&quot;:&quot;no&quot;}\">\n\t\t\t\t\t<div class=\"e-con-inner\">\n\t\t\t\t<div class=\"elementor-element elementor-element-534740a ob-harakiri-inherit ob-has-background-overlay elementor-widget elementor-widget-text-editor\" data-id=\"534740a\" data-element_type=\"widget\" data-e-type=\"widget\" data-settings=\"{&quot;_ob_use_harakiri&quot;:&quot;yes&quot;,&quot;_ob_harakiri_writing_mode&quot;:&quot;inherit&quot;,&quot;_ob_postman_use&quot;:&quot;no&quot;,&quot;_ob_widget_stalker_use&quot;:&quot;no&quot;,&quot;_ob_poopart_use&quot;:&quot;yes&quot;,&quot;_ob_shadough_use&quot;:&quot;no&quot;,&quot;_ob_allow_hoveranimator&quot;:&quot;no&quot;}\" data-widget_type=\"text-editor.default\">\n\t\t\t\t<div class=\"elementor-widget-container\">\n\t\t\t\t\t\t\t\t\t<p>\u00a0<\/p><p>Diese Website (die \"Website\") ist die Website von Zinnwald Lithium (\"Zinnwald Lithium\", \"uns\" oder \"wir\").<\/p><p>Die Seiten der Website werden ver\u00f6ffentlicht von\u00a0<a href=\"https:\/\/www.stbridespartners.co.uk\/\">St Brides Partners<\/a>\u00a0im Namen von Zinnwald Lithium.<\/p><p>Bitte lesen Sie diese Nutzungsbedingungen der Website sorgf\u00e4ltig durch, da Sie sich durch die Nutzung der Website damit einverstanden erkl\u00e4ren, an diese gebunden zu sein. Wir behalten uns das Recht vor, die Nutzungsbedingungen jederzeit zu \u00e4ndern und werden alle \u00c4nderungen hier ver\u00f6ffentlichen. Wir empfehlen Ihnen, die Nutzungsbedingungen regelm\u00e4\u00dfig zu \u00fcberpr\u00fcfen, da Sie die \u00c4nderungen akzeptieren, wenn Sie die Website nach deren Ver\u00f6ffentlichung weiter nutzen.<\/p><p>Wenn Sie mit diesen Nutzungsbedingungen nicht einverstanden sind, sollten Sie die Website in keiner Weise nutzen.<\/p><p>Information published by St Brides Partners on the Website is supplied by Zinnwald Lithium and, where indicated, by certain third parties. St Brides Partners and Zinnwald Lithium take every care and precaution to ensure that information published on the Website is accurate when posted and regularly updated, but neither St Brides Partners nor Zinnwald Lithium guarantees or can be held liable for its accuracy or timeliness and St Brides Partners or Zinnwald Lithium may change the information at any time without notice. You must not rely on the information on the Website and you acknowledge that you must take appropriate steps to verify this information before acting on it.<\/p><p>Zinnwald Lithium and St Brides Partners publish the website \u201cas is\u201d without any warranty of any kind, express or implied, as to the operation of the website, the accuracy of the information or the products or services referred to on the website (in so far as such warranties may be excluded under any relevant law) and to the extent permitted by law, neither Zinnwald Lithium nor St Brides Partners shall be liable for any losses or damage whether direct or indirect (including, without limitation direct or indirect loss of profits), consequential, special or otherwise incidental that may result from use of the website howsoever arising.<\/p><p>Die auf der Website enthaltenen Informationen stellen keine Aufforderung dar, in Aktien oder andere Wertpapiere oder andere Produkte oder Dienstleistungen zu investieren oder anderweitig mit diesen zu handeln oder einen Vertrag mit Zinnwald Lithium oder einem anderen Unternehmen zu schlie\u00dfen. Die bereitgestellten Informationen sollten nicht als Grundlage f\u00fcr Investitionsentscheidungen herangezogen werden. Sie sollten sich in diesem Zusammenhang immer angemessenen professionellen Rat einholen.<\/p><p>Die in der Vergangenheit erzielten Ergebnisse von Zinnwald Lithium oder anderen auf der Website genannten Unternehmen k\u00f6nnen nicht als Richtschnur f\u00fcr die k\u00fcnftige Entwicklung herangezogen werden. Der Aktienkurs und die daraus erzielten Ertr\u00e4ge k\u00f6nnen sowohl steigen als auch fallen, und die Anleger erhalten den urspr\u00fcnglich investierten Betrag m\u00f6glicherweise nicht zur\u00fcck.<\/p><p>Jede Bezugnahme auf ein Produkt oder eine Dienstleistung, die von Zinnwald Lithium oder einem anderen Unternehmen angeboten wurde oder wird, stellt keine Zusage dar, dass ein solches Produkt oder eine solche Dienstleistung zu jeder Zeit verf\u00fcgbar ist. \u00c4nderungen oder Verbesserungen an solchen Produkten oder Dienstleistungen k\u00f6nnen jederzeit ohne Vorank\u00fcndigung vorgenommen werden.<\/p><p>Copyright in the design and architecture of the Website is owned by St Brides Partners. Zinnwald Lithium owns the copyright in the content published on the Website except where otherwise indicated by a third party\u2019s proprietary notice. Images, trade marks and brands are also protected by other intellectual property laws and may not be reproduced or appropriated in any manner without written permission of their respective owners. Unless specifically prohibited by a notice published on any page, you may make a print copy of such parts of the Website as you may reasonably require for your own personal use provided that any copy has attached to it any relevant proprietary notices and\/or disclaimers. All other use is prohibited.<\/p><p>Wir sind nicht verantwortlich f\u00fcr den Inhalt anderer Websites, von denen aus Sie auf die Website zugegriffen haben oder zu denen Sie einen Hyperlink von der Website aus gesetzt haben, und k\u00f6nnen nicht f\u00fcr Verluste oder Sch\u00e4den haftbar gemacht werden, die Ihnen dadurch entstehen.<\/p><p>Diese Nutzungsbedingungen unterliegen den Gesetzen von England und Wales, und Sie erkl\u00e4ren sich damit einverstanden, dass die englischen Gerichte die ausschlie\u00dfliche Zust\u00e4ndigkeit f\u00fcr alle Streitigkeiten haben.<\/p><p>Sofern ein Teil dieser Nutzungsbedingungen von einem zust\u00e4ndigen Gericht f\u00fcr ung\u00fcltig, rechtswidrig oder nicht durchsetzbar befunden wird, wird dieser Teil in diesem Umfang von den \u00fcbrigen Bedingungen getrennt, die alle in vollem Umfang in Kraft bleiben, wie es das Gesetz erlaubt.<\/p><p>\u00a9 2024 Zinnwald Lithium<\/p>\t\t\t\t\t\t\t\t<\/div>\n\t\t\t\t<\/div>\n\t\t\t\t\t<\/div>\n\t\t\t\t<\/div>\n\t\t\t\t<\/div>","protected":false},"excerpt":{"rendered":"<p>Terms &#038;Conditions \u00a0 This website (the \u201cWebsite\u201d) is the website of Zinnwald Lithium (\u201cZinnwald Lithium\u201d, \u201cus\u201d or \u201cwe\u201d). The pages on the Website are published by\u00a0St Brides Partners\u00a0on behalf of Zinnwald Lithium. Please read these terms and conditions of use of the Website carefully as by using the Website you agree to be bound by [&hellip;]<\/p>","protected":false},"author":1,"featured_media":2942,"parent":0,"menu_order":0,"comment_status":"closed","ping_status":"closed","template":"","meta":{"footnotes":""},"class_list":["post-828","page","type-page","status-publish","has-post-thumbnail","hentry"],"_links":{"self":[{"href":"https:\/\/zinnwaldlithium.com\/de\/wp-json\/wp\/v2\/pages\/828","targetHints":{"allow":["GET"]}}],"collection":[{"href":"https:\/\/zinnwaldlithium.com\/de\/wp-json\/wp\/v2\/pages"}],"about":[{"href":"https:\/\/zinnwaldlithium.com\/de\/wp-json\/wp\/v2\/types\/page"}],"author":[{"embeddable":true,"href":"https:\/\/zinnwaldlithium.com\/de\/wp-json\/wp\/v2\/users\/1"}],"replies":[{"embeddable":true,"href":"https:\/\/zinnwaldlithium.com\/de\/wp-json\/wp\/v2\/comments?post=828"}],"version-history":[{"count":5,"href":"https:\/\/zinnwaldlithium.com\/de\/wp-json\/wp\/v2\/pages\/828\/revisions"}],"predecessor-version":[{"id":4909,"href":"https:\/\/zinnwaldlithium.com\/de\/wp-json\/wp\/v2\/pages\/828\/revisions\/4909"}],"wp:featuredmedia":[{"embeddable":true,"href":"https:\/\/zinnwaldlithium.com\/de\/wp-json\/wp\/v2\/media\/2942"}],"wp:attachment":[{"href":"https:\/\/zinnwaldlithium.com\/de\/wp-json\/wp\/v2\/media?parent=828"}],"curies":[{"name":"wp","href":"https:\/\/api.w.org\/{rel}","templated":true}]}}